{"id":558,"date":"2023-11-14T14:14:57","date_gmt":"2023-11-14T13:14:57","guid":{"rendered":"https:\/\/avalosresort.com\/historia\/"},"modified":"2024-10-16T03:12:59","modified_gmt":"2024-10-16T01:12:59","slug":"historia","status":"publish","type":"page","link":"https:\/\/avalosresort.com\/es\/historia\/","title":{"rendered":"Historia"},"content":{"rendered":"<p><div class=\"fusion-fullwidth fullwidth-box fusion-builder-row-1 fusion-flex-container has-pattern-background has-mask-background hundred-percent-fullwidth non-hundred-percent-height-scrolling\" style=\"--awb-border-radius-top-left:0px;--awb-border-radius-top-right:0px;--awb-border-radius-bottom-right:0px;--awb-border-radius-bottom-left:0px;--awb-padding-top:0px;--awb-padding-right:0px;--awb-padding-left:0px;--awb-margin-top:0px;--awb-flex-wrap:wrap;\" ><div class=\"fusion-builder-row fusion-row fusion-flex-align-items-flex-start fusion-flex-content-wrap\" style=\"width:104% !important;max-width:104% !important;margin-left: calc(-4% \/ 2 );margin-right: calc(-4% \/ 2 );\"><div class=\"fusion-layout-column fusion_builder_column fusion-builder-column-0 fusion_builder_column_1_1 1_1 fusion-flex-column\" style=\"--awb-bg-size:cover;--awb-width-large:100%;--awb-margin-top-large:0px;--awb-spacing-right-large:1.92%;--awb-margin-bottom-large:20px;--awb-spacing-left-large:1.92%;--awb-width-medium:100%;--awb-order-medium:0;--awb-spacing-right-medium:1.92%;--awb-spacing-left-medium:1.92%;--awb-width-small:100%;--awb-order-small:0;--awb-spacing-right-small:1.92%;--awb-spacing-left-small:1.92%;\"><div class=\"fusion-column-wrapper fusion-column-has-shadow fusion-flex-justify-content-flex-start fusion-content-layout-column\"><div class=\"fusion-image-element \" style=\"text-align:center;--awb-max-width:1920px;--awb-caption-title-font-family:var(--h2_typography-font-family);--awb-caption-title-font-weight:var(--h2_typography-font-weight);--awb-caption-title-font-style:var(--h2_typography-font-style);--awb-caption-title-size:var(--h2_typography-font-size);--awb-caption-title-transform:var(--h2_typography-text-transform);--awb-caption-title-line-height:var(--h2_typography-line-height);--awb-caption-title-letter-spacing:var(--h2_typography-letter-spacing);\"><span class=\" fusion-imageframe imageframe-none imageframe-1 hover-type-none mainPageImage\"><img decoding=\"async\" width=\"1879\" height=\"1057\" title=\"Avalos_La Gomera_2E\" src=\"https:\/\/avalosresort.com\/wp-content\/uploads\/2023\/11\/Avalos_La-Gomera_2E.webp\" alt class=\"img-responsive wp-image-431\" srcset=\"https:\/\/avalosresort.com\/wp-content\/uploads\/2023\/11\/Avalos_La-Gomera_2E-200x113.webp 200w, https:\/\/avalosresort.com\/wp-content\/uploads\/2023\/11\/Avalos_La-Gomera_2E-400x225.webp 400w, https:\/\/avalosresort.com\/wp-content\/uploads\/2023\/11\/Avalos_La-Gomera_2E-600x338.webp 600w, https:\/\/avalosresort.com\/wp-content\/uploads\/2023\/11\/Avalos_La-Gomera_2E-800x450.webp 800w, https:\/\/avalosresort.com\/wp-content\/uploads\/2023\/11\/Avalos_La-Gomera_2E-1200x675.webp 1200w, https:\/\/avalosresort.com\/wp-content\/uploads\/2023\/11\/Avalos_La-Gomera_2E.webp 1879w\" sizes=\"(max-width: 640px) 100vw, 1200px\" \/><\/span><\/div><\/div><\/div><\/div><\/div><div class=\"fusion-fullwidth fullwidth-box fusion-builder-row-2 fusion-flex-container has-pattern-background has-mask-background nonhundred-percent-fullwidth non-hundred-percent-height-scrolling\" style=\"--awb-border-radius-top-left:0px;--awb-border-radius-top-right:0px;--awb-border-radius-bottom-right:0px;--awb-border-radius-bottom-left:0px;--awb-margin-top:30px;--awb-flex-wrap:wrap;\" ><div class=\"fusion-builder-row fusion-row fusion-flex-align-items-flex-start fusion-flex-content-wrap\" style=\"max-width:1248px;margin-left: calc(-4% \/ 2 );margin-right: calc(-4% \/ 2 );\"><div class=\"fusion-layout-column fusion_builder_column fusion-builder-column-1 fusion_builder_column_1_1 1_1 fusion-flex-column\" style=\"--awb-bg-size:cover;--awb-width-large:100%;--awb-margin-top-large:0px;--awb-spacing-right-large:1.92%;--awb-margin-bottom-large:20px;--awb-spacing-left-large:1.92%;--awb-width-medium:100%;--awb-order-medium:0;--awb-spacing-right-medium:1.92%;--awb-spacing-left-medium:1.92%;--awb-width-small:100%;--awb-order-small:0;--awb-spacing-right-small:1.92%;--awb-spacing-left-small:1.92%;\"><div class=\"fusion-column-wrapper fusion-column-has-shadow fusion-flex-justify-content-flex-start fusion-content-layout-column\"><div class=\"fusion-text fusion-text-1\" style=\"--awb-margin-top:0px;\"><h1 style=\"margin-top: 0px;\">Historia<\/h1>\n<\/div><\/div><\/div><div class=\"fusion-layout-column fusion_builder_column fusion-builder-column-2 fusion_builder_column_1_1 1_1 fusion-flex-column\" style=\"--awb-bg-size:cover;--awb-width-large:100%;--awb-margin-top-large:0px;--awb-spacing-right-large:1.92%;--awb-margin-bottom-large:20px;--awb-spacing-left-large:1.92%;--awb-width-medium:100%;--awb-order-medium:0;--awb-spacing-right-medium:1.92%;--awb-spacing-left-medium:1.92%;--awb-width-small:100%;--awb-order-small:0;--awb-spacing-right-small:1.92%;--awb-spacing-left-small:1.92%;\"><div class=\"fusion-column-wrapper fusion-column-has-shadow fusion-flex-justify-content-flex-start fusion-content-layout-column\"><div class=\"fusion-text fusion-text-2\"><p><span class=\"spanSubtitle\">La empresa: Nuestra historia<\/span><\/p>\n<p>1949: CITA Compa\u00f1\u00eda Industrial de Tabacaleros Asociados S.A. \u2013 F\u00e1brica y distribuci\u00f3n de tabacos y puros.<br \/>\n1978: AUCASA. Automoci\u00f3n Canarias S.A. \u2013 Concesionario oficial de Honda.<br \/>\n1981: HATUSA. Hispano Alemana de Turismo S.A. \u2013 Concesionario oficial de Volkswagen y Audi.<br \/>\n1982: PROITESA \u2013 Productos Industriales de Tenerife S.A. \u2013 Fabricante de pintura comercial y tiendas minoristas.<br \/>\n1982: Gisca \/ Intercana \u2013 General Importadora de Canarias \u2013 Importaci\u00f3n y exportaci\u00f3n de licores, alimentos y productos de supermercado.<br \/>\n1983: Apartamentos Los Cardones \u2013 76 apartamentos.<br \/>\n1983: Los Cardones \u2013 Gesti\u00f3n de apartamentos.<br \/>\n1983: Urbanizaci\u00f3n Playa de Fa\u00f1ab\u00e9 \u2013 Desarrollo de terrenos de 60 hect\u00e1reas con 46 parcelas urbanas.<br \/>\n1987: Apartamentos Lagos de Fa\u00f1ab\u00e9 \u2013 180 apartamentos frente a la playa.<br \/>\n1987: Lagos de Fa\u00f1ab\u00e9 \u2013 Gesti\u00f3n de apartahotel.<br \/>\n1988: Garden Center Playa Fa\u00f1ab\u00e9 \u2013 Venta al por menor, jardiner\u00eda y decoraci\u00f3n exterior.<br \/>\n1989: Parking Centro Comercial Fa\u00f1ab\u00e9 1 \u2013 Servicios de aparcamiento privado, 500 plazas de aparcamiento.<br \/>\n1989: Centro Comercial Fa\u00f1ab\u00e9 1 \u2013 Centro comercial con 67 locales comerciales.<br \/>\n1991: Los Olivos Beach Resort \u2013 230 apartamentos frente a la playa.<br \/>\n1991: Edificio El M\u00e1stil \u2013 32 apartamentos residenciales y 20 locales comerciales.<br \/>\n1991: Construcci\u00f3n de un Centro de Salud en Arico el Viejo.<br \/>\n1995: Actividades en la Playa \u2013 Incluyendo 4 chiringuitos, vestuarios, 400 tumbonas \/ 80 camas Bali.<br \/>\n1999: Centro Comercial Litoral \u2013 Centro comercial con 84 locales comerciales.<br \/>\n1999: URBANIZACI\u00d3N BAH\u00cdA DE \u00c1VALOS \u2013 Planificaci\u00f3n y desarrollo inmobiliario.<br \/>\n2000: Cervezas Anaga \u2013 Cervecer\u00eda canaria.<br \/>\n2001: Parking Centro Comercial Fa\u00f1ab\u00e9 Plaza \u2013 Servicios de aparcamiento privado, 125 plazas de aparcamiento.<br \/>\n2002: Centro Comercial Fa\u00f1ab\u00e9 Plaza \u2013 Centro comercial con 68 locales comerciales.<br \/>\n2002: Residencial La Goleta \u2013 90 apartamentos residenciales.<br \/>\n2002: Mirador Del Golf \u2013 10 casas adosadas.<br \/>\n2003: Valle de Fa\u00f1ab\u00e9 \u2013 34 casas residenciales.<br \/>\n2003: Para\u00edso de Fa\u00f1ab\u00e9 \u2013 21 villas y 12 d\u00faplex residenciales.<br \/>\n2003: Desarrollo costero Playa Fa\u00f1ab\u00e9.<br \/>\n2003: Colonial Village \u2013 Gesti\u00f3n de Club de Vacaciones.<br \/>\n2003: Club Lagos de Fa\u00f1ab\u00e9 \u2013 Gesti\u00f3n de Club de Vacaciones.<br \/>\n2003: Club Lagos de Fa\u00f1ab\u00e9 II \u2013 Gesti\u00f3n de Club de Vacaciones.<br \/>\n2006: Centro Comercial Gran Sur \u2013 49 locales comerciales.<br \/>\n2008: Recompra de Los Cardones y Lagos de Fa\u00f1ab\u00e9 \u2013 65 apartamentos frente a la playa en Lagos y 40 apartamentos en Los Cardones.<br \/>\n2008: Residencial Valle del Sol \u2013 48 propiedades residenciales.<br \/>\n2008: Ventas y Servicios de Club de Vacaciones \u2013 Los Olivos.<br \/>\n2009: FANIABE MAROC, SARL \u2013 Desarrollo de 192 apartamentos residenciales.<br \/>\n2009: FANIABE MAROC, SARL \u2013 Desarrollo de 219 apartamentos residenciales y 70 locales comerciales.<br \/>\n2009: FANIABE MAROC, SARL \u2013 Desarrollo de 450 apartamentos residenciales y 70 locales comerciales.<br \/>\n2009: Sun Bay \u2013 59 villas de lujo.<br \/>\n2010: Edificio El Candil \u2013 34 propiedades residenciales.<br \/>\n2012: Le Club \u2013 El club de playa m\u00e1s emblem\u00e1tico de Tenerife.<br \/>\n2013: Beach Club \u2013 Club de playa del Sand &amp; Sea Resort.<br \/>\n2014: Restaurante La Tosca \u2013 Cocina italiana y canaria.<br \/>\n2015: El 3 Tapas Beach Club.<br \/>\n2017: Fiji Beach Club.<br \/>\n2019: Playa Bah\u00eda de Avalos.<br \/>\n2020: Margarita\u2019s Skybar.<br \/>\n2020: Seaduction Yachts.<br \/>\n2021: Experiencia Burbuja \u00c1valos.<\/p>\n<\/div><\/div><\/div><\/div><\/div><\/p>\n","protected":false},"excerpt":{"rendered":"","protected":false},"author":1,"featured_media":0,"parent":0,"menu_order":0,"comment_status":"closed","ping_status":"closed","template":"100-width.php","meta":{"footnotes":""},"class_list":["post-558","page","type-page","status-publish","hentry"],"_links":{"self":[{"href":"https:\/\/avalosresort.com\/es\/wp-json\/wp\/v2\/pages\/558","targetHints":{"allow":["GET"]}}],"collection":[{"href":"https:\/\/avalosresort.com\/es\/wp-json\/wp\/v2\/pages"}],"about":[{"href":"https:\/\/avalosresort.com\/es\/wp-json\/wp\/v2\/types\/page"}],"author":[{"embeddable":true,"href":"https:\/\/avalosresort.com\/es\/wp-json\/wp\/v2\/users\/1"}],"replies":[{"embeddable":true,"href":"https:\/\/avalosresort.com\/es\/wp-json\/wp\/v2\/comments?post=558"}],"version-history":[{"count":11,"href":"https:\/\/avalosresort.com\/es\/wp-json\/wp\/v2\/pages\/558\/revisions"}],"predecessor-version":[{"id":589,"href":"https:\/\/avalosresort.com\/es\/wp-json\/wp\/v2\/pages\/558\/revisions\/589"}],"wp:attachment":[{"href":"https:\/\/avalosresort.com\/es\/wp-json\/wp\/v2\/media?parent=558"}],"curies":[{"name":"wp","href":"https:\/\/api.w.org\/{rel}","templated":true}]}}