{"id":550,"date":"2023-11-02T19:13:43","date_gmt":"2023-11-02T18:13:43","guid":{"rendered":"https:\/\/avalosresort.com\/inversiones-bahia-de-avalos\/"},"modified":"2024-11-13T15:02:20","modified_gmt":"2024-11-13T14:02:20","slug":"inversiones-bahia-de-avalos","status":"publish","type":"page","link":"https:\/\/avalosresort.com\/es\/inversiones-bahia-de-avalos\/","title":{"rendered":"Inversiones Bah\u00eda de \u00c1valos"},"content":{"rendered":"<p><div class=\"fusion-fullwidth fullwidth-box fusion-builder-row-1 fusion-flex-container has-pattern-background has-mask-background hundred-percent-fullwidth non-hundred-percent-height-scrolling\" style=\"--awb-border-radius-top-left:0px;--awb-border-radius-top-right:0px;--awb-border-radius-bottom-right:0px;--awb-border-radius-bottom-left:0px;--awb-padding-top:0px;--awb-padding-right:0px;--awb-padding-left:0px;--awb-margin-top:0px;--awb-flex-wrap:wrap;\" ><div class=\"fusion-builder-row fusion-row fusion-flex-align-items-flex-start fusion-flex-content-wrap\" style=\"width:104% !important;max-width:104% !important;margin-left: calc(-4% \/ 2 );margin-right: calc(-4% \/ 2 );\"><div class=\"fusion-layout-column fusion_builder_column fusion-builder-column-0 fusion_builder_column_1_1 1_1 fusion-flex-column\" style=\"--awb-bg-size:cover;--awb-width-large:100%;--awb-margin-top-large:0px;--awb-spacing-right-large:1.92%;--awb-margin-bottom-large:20px;--awb-spacing-left-large:1.92%;--awb-width-medium:100%;--awb-order-medium:0;--awb-spacing-right-medium:1.92%;--awb-spacing-left-medium:1.92%;--awb-width-small:100%;--awb-order-small:0;--awb-spacing-right-small:1.92%;--awb-spacing-left-small:1.92%;\"><div class=\"fusion-column-wrapper fusion-column-has-shadow fusion-flex-justify-content-flex-start fusion-content-layout-column\"><div class=\"fusion-image-element \" style=\"text-align:center;--awb-max-width:1920px;--awb-caption-title-font-family:var(--h2_typography-font-family);--awb-caption-title-font-weight:var(--h2_typography-font-weight);--awb-caption-title-font-style:var(--h2_typography-font-style);--awb-caption-title-size:var(--h2_typography-font-size);--awb-caption-title-transform:var(--h2_typography-text-transform);--awb-caption-title-line-height:var(--h2_typography-line-height);--awb-caption-title-letter-spacing:var(--h2_typography-letter-spacing);\"><span class=\" fusion-imageframe imageframe-none imageframe-1 hover-type-none mainPageImage\"><img decoding=\"async\" width=\"960\" height=\"540\" title=\"PG-29\" src=\"https:\/\/avalosresort.com\/wp-content\/uploads\/2023\/11\/PG-29.webp\" alt class=\"img-responsive wp-image-288\" srcset=\"https:\/\/avalosresort.com\/wp-content\/uploads\/2023\/11\/PG-29-200x113.webp 200w, https:\/\/avalosresort.com\/wp-content\/uploads\/2023\/11\/PG-29-400x225.webp 400w, https:\/\/avalosresort.com\/wp-content\/uploads\/2023\/11\/PG-29-600x338.webp 600w, https:\/\/avalosresort.com\/wp-content\/uploads\/2023\/11\/PG-29-800x450.webp 800w, https:\/\/avalosresort.com\/wp-content\/uploads\/2023\/11\/PG-29.webp 960w\" sizes=\"(max-width: 640px) 100vw, 960px\" \/><\/span><\/div><\/div><\/div><\/div><\/div><div class=\"fusion-fullwidth fullwidth-box fusion-builder-row-2 fusion-flex-container has-pattern-background has-mask-background nonhundred-percent-fullwidth non-hundred-percent-height-scrolling\" style=\"--awb-border-radius-top-left:0px;--awb-border-radius-top-right:0px;--awb-border-radius-bottom-right:0px;--awb-border-radius-bottom-left:0px;--awb-margin-top:30px;--awb-margin-bottom:30px;--awb-flex-wrap:wrap;\" ><div class=\"fusion-builder-row fusion-row fusion-flex-align-items-flex-start fusion-flex-content-wrap\" style=\"max-width:1248px;margin-left: calc(-4% \/ 2 );margin-right: calc(-4% \/ 2 );\"><div class=\"fusion-layout-column fusion_builder_column fusion-builder-column-1 fusion_builder_column_1_2 1_2 fusion-flex-column\" style=\"--awb-bg-size:cover;--awb-width-large:50%;--awb-margin-top-large:0px;--awb-spacing-right-large:3.84%;--awb-margin-bottom-large:20px;--awb-spacing-left-large:3.84%;--awb-width-medium:50%;--awb-order-medium:0;--awb-spacing-right-medium:3.84%;--awb-spacing-left-medium:3.84%;--awb-width-small:100%;--awb-order-small:0;--awb-spacing-right-small:1.92%;--awb-spacing-left-small:1.92%;\"><div class=\"fusion-column-wrapper fusion-column-has-shadow fusion-flex-justify-content-flex-start fusion-content-layout-column\"><\/div><\/div><div class=\"fusion-layout-column fusion_builder_column fusion-builder-column-2 fusion_builder_column_1_2 1_2 fusion-flex-column\" style=\"--awb-bg-size:cover;--awb-width-large:50%;--awb-margin-top-large:0px;--awb-spacing-right-large:3.84%;--awb-margin-bottom-large:20px;--awb-spacing-left-large:3.84%;--awb-width-medium:50%;--awb-order-medium:0;--awb-spacing-right-medium:3.84%;--awb-spacing-left-medium:3.84%;--awb-width-small:100%;--awb-order-small:0;--awb-spacing-right-small:1.92%;--awb-spacing-left-small:1.92%;\"><div class=\"fusion-column-wrapper fusion-column-has-shadow fusion-flex-justify-content-flex-start fusion-content-layout-column\"><\/div><\/div><div class=\"fusion-layout-column fusion_builder_column fusion-builder-column-3 fusion_builder_column_1_2 1_2 fusion-flex-column\" style=\"--awb-bg-size:cover;--awb-width-large:50%;--awb-margin-top-large:0px;--awb-spacing-right-large:3.84%;--awb-margin-bottom-large:20px;--awb-spacing-left-large:3.84%;--awb-width-medium:50%;--awb-order-medium:0;--awb-spacing-right-medium:3.84%;--awb-spacing-left-medium:3.84%;--awb-width-small:100%;--awb-order-small:0;--awb-spacing-right-small:1.92%;--awb-spacing-left-small:1.92%;\"><div class=\"fusion-column-wrapper fusion-column-has-shadow fusion-flex-justify-content-flex-start fusion-content-layout-column\"><div class=\"fusion-image-element \" style=\"--awb-max-width:100%;--awb-caption-title-font-family:var(--h2_typography-font-family);--awb-caption-title-font-weight:var(--h2_typography-font-weight);--awb-caption-title-font-style:var(--h2_typography-font-style);--awb-caption-title-size:var(--h2_typography-font-size);--awb-caption-title-transform:var(--h2_typography-text-transform);--awb-caption-title-line-height:var(--h2_typography-line-height);--awb-caption-title-letter-spacing:var(--h2_typography-letter-spacing);\"><span class=\" fusion-imageframe imageframe-none imageframe-2 hover-type-none\"><img decoding=\"async\" width=\"960\" height=\"540\" title=\"PG-25\" src=\"https:\/\/avalosresort.com\/wp-content\/uploads\/2023\/11\/PG-25.webp\" alt class=\"img-responsive wp-image-290\" srcset=\"https:\/\/avalosresort.com\/wp-content\/uploads\/2023\/11\/PG-25-200x113.webp 200w, https:\/\/avalosresort.com\/wp-content\/uploads\/2023\/11\/PG-25-400x225.webp 400w, https:\/\/avalosresort.com\/wp-content\/uploads\/2023\/11\/PG-25-600x338.webp 600w, https:\/\/avalosresort.com\/wp-content\/uploads\/2023\/11\/PG-25-800x450.webp 800w, https:\/\/avalosresort.com\/wp-content\/uploads\/2023\/11\/PG-25.webp 960w\" sizes=\"(max-width: 640px) 100vw, 600px\" \/><\/span><\/div><\/div><\/div><div class=\"fusion-layout-column fusion_builder_column fusion-builder-column-4 fusion_builder_column_1_2 1_2 fusion-flex-column\" style=\"--awb-bg-size:cover;--awb-width-large:50%;--awb-margin-top-large:0px;--awb-spacing-right-large:3.84%;--awb-margin-bottom-large:20px;--awb-spacing-left-large:3.84%;--awb-width-medium:50%;--awb-order-medium:0;--awb-spacing-right-medium:3.84%;--awb-spacing-left-medium:3.84%;--awb-width-small:100%;--awb-order-small:0;--awb-spacing-right-small:1.92%;--awb-spacing-left-small:1.92%;\"><div class=\"fusion-column-wrapper fusion-column-has-shadow fusion-flex-justify-content-flex-start fusion-content-layout-column\"><div class=\"fusion-text fusion-text-1\" style=\"--awb-margin-top:-40px;\"><h1>Tu Puerta de Entrada<br \/>\nal Lujo Sostenible<br \/>\nen las Islas Canarias<\/h1>\n<\/div><div class=\"fusion-text fusion-text-2\"><p><span class=\"spanSubtitle\">Inversiones Bah\u00eda de \u00c1valos S.L.<\/span><\/p>\n<\/div><div class=\"fusion-text fusion-text-3 justifyText\"><p>En un mundo donde el lujo a menudo tiene un costo para la sostenibilidad, <strong>Inversiones Bah\u00eda de \u00c1valos<\/strong> S.L. (IBA) establece un nuevo est\u00e1ndar de indulgencia, todo sin dejar una huella. IBA, un nombre sin\u00f3nimo desde 1982 de excelencia en hospitalidad, presenta con orgullo su m\u00e1s reciente proyecto, el \u00c1valos Sustainable &#038; Wellness Resort (ASWR), un testimonio de construcci\u00f3n innovadora, bienestar aut\u00e9ntico y el rico legado de las Islas Canarias.<\/p>\n<\/div><\/div><\/div><\/div><\/div><\/p>\n","protected":false},"excerpt":{"rendered":"","protected":false},"author":1,"featured_media":0,"parent":0,"menu_order":0,"comment_status":"closed","ping_status":"closed","template":"100-width.php","meta":{"footnotes":""},"class_list":["post-550","page","type-page","status-publish","hentry"],"_links":{"self":[{"href":"https:\/\/avalosresort.com\/es\/wp-json\/wp\/v2\/pages\/550","targetHints":{"allow":["GET"]}}],"collection":[{"href":"https:\/\/avalosresort.com\/es\/wp-json\/wp\/v2\/pages"}],"about":[{"href":"https:\/\/avalosresort.com\/es\/wp-json\/wp\/v2\/types\/page"}],"author":[{"embeddable":true,"href":"https:\/\/avalosresort.com\/es\/wp-json\/wp\/v2\/users\/1"}],"replies":[{"embeddable":true,"href":"https:\/\/avalosresort.com\/es\/wp-json\/wp\/v2\/comments?post=550"}],"version-history":[{"count":10,"href":"https:\/\/avalosresort.com\/es\/wp-json\/wp\/v2\/pages\/550\/revisions"}],"predecessor-version":[{"id":631,"href":"https:\/\/avalosresort.com\/es\/wp-json\/wp\/v2\/pages\/550\/revisions\/631"}],"wp:attachment":[{"href":"https:\/\/avalosresort.com\/es\/wp-json\/wp\/v2\/media?parent=550"}],"curies":[{"name":"wp","href":"https:\/\/api.w.org\/{rel}","templated":true}]}}