{"id":546,"date":"2023-11-12T09:12:25","date_gmt":"2023-11-12T08:12:25","guid":{"rendered":"https:\/\/avalosresort.com\/plan-maestro\/"},"modified":"2024-10-16T02:15:31","modified_gmt":"2024-10-16T00:15:31","slug":"plan-maestro","status":"publish","type":"page","link":"https:\/\/avalosresort.com\/es\/plan-maestro\/","title":{"rendered":"Plan Maestro"},"content":{"rendered":"<p><div class=\"fusion-fullwidth fullwidth-box fusion-builder-row-1 fusion-flex-container has-pattern-background has-mask-background hundred-percent-fullwidth non-hundred-percent-height-scrolling\" style=\"--awb-border-radius-top-left:0px;--awb-border-radius-top-right:0px;--awb-border-radius-bottom-right:0px;--awb-border-radius-bottom-left:0px;--awb-padding-top:0px;--awb-padding-right:0px;--awb-padding-left:0px;--awb-margin-top:0px;--awb-flex-wrap:wrap;\" ><div class=\"fusion-builder-row fusion-row fusion-flex-align-items-flex-start fusion-flex-content-wrap\" style=\"width:104% !important;max-width:104% !important;margin-left: calc(-4% \/ 2 );margin-right: calc(-4% \/ 2 );\"><div class=\"fusion-layout-column fusion_builder_column fusion-builder-column-0 fusion_builder_column_1_1 1_1 fusion-flex-column\" style=\"--awb-bg-size:cover;--awb-width-large:100%;--awb-margin-top-large:0px;--awb-spacing-right-large:1.92%;--awb-margin-bottom-large:20px;--awb-spacing-left-large:1.92%;--awb-width-medium:100%;--awb-order-medium:0;--awb-spacing-right-medium:1.92%;--awb-spacing-left-medium:1.92%;--awb-width-small:100%;--awb-order-small:0;--awb-spacing-right-small:1.92%;--awb-spacing-left-small:1.92%;\"><div class=\"fusion-column-wrapper fusion-column-has-shadow fusion-flex-justify-content-flex-start fusion-content-layout-column\"><div class=\"fusion-image-element \" style=\"text-align:center;--awb-max-width:1920px;--awb-caption-title-font-family:var(--h2_typography-font-family);--awb-caption-title-font-weight:var(--h2_typography-font-weight);--awb-caption-title-font-style:var(--h2_typography-font-style);--awb-caption-title-size:var(--h2_typography-font-size);--awb-caption-title-transform:var(--h2_typography-text-transform);--awb-caption-title-line-height:var(--h2_typography-line-height);--awb-caption-title-letter-spacing:var(--h2_typography-letter-spacing);\"><span class=\" fusion-imageframe imageframe-none imageframe-1 hover-type-none mainPageImage\"><img decoding=\"async\" width=\"960\" height=\"540\" title=\"PG-20\" src=\"https:\/\/avalosresort.com\/wp-content\/uploads\/2023\/11\/PG-20.webp\" alt class=\"img-responsive wp-image-249\" srcset=\"https:\/\/avalosresort.com\/wp-content\/uploads\/2023\/11\/PG-20-200x113.webp 200w, https:\/\/avalosresort.com\/wp-content\/uploads\/2023\/11\/PG-20-400x225.webp 400w, https:\/\/avalosresort.com\/wp-content\/uploads\/2023\/11\/PG-20-600x338.webp 600w, https:\/\/avalosresort.com\/wp-content\/uploads\/2023\/11\/PG-20-800x450.webp 800w, https:\/\/avalosresort.com\/wp-content\/uploads\/2023\/11\/PG-20.webp 960w\" sizes=\"(max-width: 640px) 100vw, 960px\" \/><\/span><\/div><\/div><\/div><\/div><\/div><div class=\"fusion-fullwidth fullwidth-box fusion-builder-row-2 fusion-flex-container has-pattern-background has-mask-background nonhundred-percent-fullwidth non-hundred-percent-height-scrolling\" style=\"--awb-border-radius-top-left:0px;--awb-border-radius-top-right:0px;--awb-border-radius-bottom-right:0px;--awb-border-radius-bottom-left:0px;--awb-flex-wrap:wrap;\" ><div class=\"fusion-builder-row fusion-row fusion-flex-align-items-flex-start fusion-flex-content-wrap\" style=\"max-width:1248px;margin-left: calc(-4% \/ 2 );margin-right: calc(-4% \/ 2 );\"><div class=\"fusion-layout-column fusion_builder_column fusion-builder-column-1 fusion_builder_column_1_2 1_2 fusion-flex-column\" style=\"--awb-bg-size:cover;--awb-width-large:50%;--awb-margin-top-large:0px;--awb-spacing-right-large:3.84%;--awb-margin-bottom-large:20px;--awb-spacing-left-large:3.84%;--awb-width-medium:50%;--awb-order-medium:0;--awb-spacing-right-medium:3.84%;--awb-spacing-left-medium:3.84%;--awb-width-small:100%;--awb-order-small:0;--awb-spacing-right-small:1.92%;--awb-spacing-left-small:1.92%;\"><div class=\"fusion-column-wrapper fusion-column-has-shadow fusion-flex-justify-content-flex-start fusion-content-layout-column\"><\/div><\/div><div class=\"fusion-layout-column fusion_builder_column fusion-builder-column-2 fusion_builder_column_1_2 1_2 fusion-flex-column\" style=\"--awb-bg-size:cover;--awb-width-large:50%;--awb-margin-top-large:0px;--awb-spacing-right-large:3.84%;--awb-margin-bottom-large:20px;--awb-spacing-left-large:3.84%;--awb-width-medium:50%;--awb-order-medium:0;--awb-spacing-right-medium:3.84%;--awb-spacing-left-medium:3.84%;--awb-width-small:100%;--awb-order-small:0;--awb-spacing-right-small:1.92%;--awb-spacing-left-small:1.92%;\"><div class=\"fusion-column-wrapper fusion-column-has-shadow fusion-flex-justify-content-flex-start fusion-content-layout-column\"><div class=\"fusion-text fusion-text-1\"><h1>Plan Maestro<\/h1>\n<\/div><\/div><\/div><div class=\"fusion-layout-column fusion_builder_column fusion-builder-column-3 fusion_builder_column_1_2 1_2 fusion-flex-column\" style=\"--awb-bg-size:cover;--awb-width-large:50%;--awb-margin-top-large:0px;--awb-spacing-right-large:3.84%;--awb-margin-bottom-large:20px;--awb-spacing-left-large:3.84%;--awb-width-medium:50%;--awb-order-medium:0;--awb-spacing-right-medium:3.84%;--awb-spacing-left-medium:3.84%;--awb-width-small:100%;--awb-order-small:0;--awb-spacing-right-small:1.92%;--awb-spacing-left-small:1.92%;\"><div class=\"fusion-column-wrapper fusion-column-has-shadow fusion-flex-justify-content-flex-start fusion-content-layout-column\"><div class=\"fusion-image-element \" style=\"--awb-margin-bottom:60px;--awb-max-width:100%;--awb-caption-title-font-family:var(--h2_typography-font-family);--awb-caption-title-font-weight:var(--h2_typography-font-weight);--awb-caption-title-font-style:var(--h2_typography-font-style);--awb-caption-title-size:var(--h2_typography-font-size);--awb-caption-title-transform:var(--h2_typography-text-transform);--awb-caption-title-line-height:var(--h2_typography-line-height);--awb-caption-title-letter-spacing:var(--h2_typography-letter-spacing);\"><span class=\" fusion-imageframe imageframe-none imageframe-2 hover-type-none\"><a href=\"https:\/\/avalosresort.com\/wp-content\/uploads\/2023\/11\/PastedGraphic-9.webp\" class=\"fusion-lightbox\" data-rel=\"iLightbox[880a23e234b2c273a6f]\" data-title=\"PastedGraphic-9\" title=\"PastedGraphic-9\"><img decoding=\"async\" width=\"1920\" height=\"1076\" src=\"https:\/\/avalosresort.com\/wp-content\/uploads\/2023\/11\/PastedGraphic-9.webp\" alt class=\"img-responsive wp-image-251\" srcset=\"https:\/\/avalosresort.com\/wp-content\/uploads\/2023\/11\/PastedGraphic-9-200x112.webp 200w, https:\/\/avalosresort.com\/wp-content\/uploads\/2023\/11\/PastedGraphic-9-400x224.webp 400w, https:\/\/avalosresort.com\/wp-content\/uploads\/2023\/11\/PastedGraphic-9-600x336.webp 600w, https:\/\/avalosresort.com\/wp-content\/uploads\/2023\/11\/PastedGraphic-9-800x448.webp 800w, https:\/\/avalosresort.com\/wp-content\/uploads\/2023\/11\/PastedGraphic-9-1200x673.webp 1200w, https:\/\/avalosresort.com\/wp-content\/uploads\/2023\/11\/PastedGraphic-9.webp 1920w\" sizes=\"(max-width: 640px) 100vw, 600px\" \/><\/a><\/span><\/div><div class=\"fusion-image-element \" style=\"--awb-margin-bottom:60px;--awb-max-width:100%;--awb-caption-title-font-family:var(--h2_typography-font-family);--awb-caption-title-font-weight:var(--h2_typography-font-weight);--awb-caption-title-font-style:var(--h2_typography-font-style);--awb-caption-title-size:var(--h2_typography-font-size);--awb-caption-title-transform:var(--h2_typography-text-transform);--awb-caption-title-line-height:var(--h2_typography-line-height);--awb-caption-title-letter-spacing:var(--h2_typography-letter-spacing);\"><span class=\" fusion-imageframe imageframe-none imageframe-3 hover-type-none\"><a href=\"https:\/\/avalosresort.com\/wp-content\/uploads\/2023\/11\/Recurso-2.webp\" class=\"fusion-lightbox\" data-rel=\"iLightbox[0632b95c10bd03ce717]\" data-title=\"Recurso 2\" title=\"Recurso 2\"><img decoding=\"async\" width=\"684\" height=\"374\" src=\"https:\/\/avalosresort.com\/wp-content\/uploads\/2023\/11\/Recurso-2.webp\" alt class=\"img-responsive wp-image-253\" srcset=\"https:\/\/avalosresort.com\/wp-content\/uploads\/2023\/11\/Recurso-2-200x109.webp 200w, https:\/\/avalosresort.com\/wp-content\/uploads\/2023\/11\/Recurso-2-400x219.webp 400w, https:\/\/avalosresort.com\/wp-content\/uploads\/2023\/11\/Recurso-2-600x328.webp 600w, https:\/\/avalosresort.com\/wp-content\/uploads\/2023\/11\/Recurso-2.webp 684w\" sizes=\"(max-width: 640px) 100vw, 600px\" \/><\/a><\/span><\/div><\/div><\/div><div class=\"fusion-layout-column fusion_builder_column fusion-builder-column-4 fusion_builder_column_1_2 1_2 fusion-flex-column\" style=\"--awb-bg-size:cover;--awb-width-large:50%;--awb-margin-top-large:0px;--awb-spacing-right-large:3.84%;--awb-margin-bottom-large:20px;--awb-spacing-left-large:3.84%;--awb-width-medium:50%;--awb-order-medium:0;--awb-spacing-right-medium:3.84%;--awb-spacing-left-medium:3.84%;--awb-width-small:100%;--awb-order-small:0;--awb-spacing-right-small:1.92%;--awb-spacing-left-small:1.92%;\"><div class=\"fusion-column-wrapper fusion-column-has-shadow fusion-flex-justify-content-flex-start fusion-content-layout-column\"><div class=\"fusion-text fusion-text-2 justifyText\"><p>Ubicado contra el verde tel\u00f3n de fondo de La Gomera, el \u00c1VALOS Sustainable Wellness Resort encarna una clase magistral en la fusi\u00f3n de lujo y sostenibilidad. En el coraz\u00f3n de este proyecto visionario se encuentra un Hotel de 5 Estrellas, un impresionante homenaje a los retiros m\u00e1s exclusivos del mundo, dise\u00f1ado para ofrecer una experiencia inigualable a los hu\u00e9spedes que redefine lo que significa disfrutar. <\/p>\n<p>Este hotel insignia sirve como el centro del resort, elegantemente flanqueado por las \u00c1VALOS Luxury Villas y las sofisticadas \u00c1VALOS Suites, cada una un faro de vida moderna y sostenible. Aqu\u00ed, el lujo se entrelaza sin esfuerzo con la responsabilidad ecol\u00f3gica, ofreciendo a los hu\u00e9spedes una mezcla \u00fanica de comodidades de alto nivel, impresionante belleza natural y un firme compromiso con la preservaci\u00f3n del medio ambiente.<\/p>\n<p>\u00c1VALOS trasciende el concepto de simple destino; es una experiencia inmersiva donde la exclusividad, el confort y la sostenibilidad coexisten en perfecta armon\u00eda. Cada aspecto del plan maestro refleja un profundo respeto por el paisaje circundante, asegurando que cada momento pasado dentro del resort no solo sea lujoso, sino tambi\u00e9n significativo.<\/p>\n<\/div><div class=\"fusion-image-element \" style=\"--awb-max-width:100%;--awb-caption-title-font-family:var(--h2_typography-font-family);--awb-caption-title-font-weight:var(--h2_typography-font-weight);--awb-caption-title-font-style:var(--h2_typography-font-style);--awb-caption-title-size:var(--h2_typography-font-size);--awb-caption-title-transform:var(--h2_typography-text-transform);--awb-caption-title-line-height:var(--h2_typography-line-height);--awb-caption-title-letter-spacing:var(--h2_typography-letter-spacing);\"><span class=\" fusion-imageframe imageframe-none imageframe-4 hover-type-none\"><a href=\"https:\/\/avalosresort.com\/wp-content\/uploads\/2023\/11\/Recurso-3.svg\" class=\"fusion-lightbox\" data-rel=\"iLightbox[aaa51c0fb7b00ad69b3]\" data-title=\"Recurso 3\" title=\"Recurso 3\"><img decoding=\"async\" width=\"700\" height=\"437\" src=\"https:\/\/avalosresort.com\/wp-content\/uploads\/2023\/11\/Recurso-3.svg\" alt class=\"img-responsive wp-image-255\"\/><\/a><\/span><\/div><\/div><\/div><\/div><\/div><\/p>\n","protected":false},"excerpt":{"rendered":"","protected":false},"author":1,"featured_media":0,"parent":0,"menu_order":0,"comment_status":"closed","ping_status":"closed","template":"100-width.php","meta":{"footnotes":""},"class_list":["post-546","page","type-page","status-publish","hentry"],"_links":{"self":[{"href":"https:\/\/avalosresort.com\/es\/wp-json\/wp\/v2\/pages\/546","targetHints":{"allow":["GET"]}}],"collection":[{"href":"https:\/\/avalosresort.com\/es\/wp-json\/wp\/v2\/pages"}],"about":[{"href":"https:\/\/avalosresort.com\/es\/wp-json\/wp\/v2\/types\/page"}],"author":[{"embeddable":true,"href":"https:\/\/avalosresort.com\/es\/wp-json\/wp\/v2\/users\/1"}],"replies":[{"embeddable":true,"href":"https:\/\/avalosresort.com\/es\/wp-json\/wp\/v2\/comments?post=546"}],"version-history":[{"count":3,"href":"https:\/\/avalosresort.com\/es\/wp-json\/wp\/v2\/pages\/546\/revisions"}],"predecessor-version":[{"id":549,"href":"https:\/\/avalosresort.com\/es\/wp-json\/wp\/v2\/pages\/546\/revisions\/549"}],"wp:attachment":[{"href":"https:\/\/avalosresort.com\/es\/wp-json\/wp\/v2\/media?parent=546"}],"curies":[{"name":"wp","href":"https:\/\/api.w.org\/{rel}","templated":true}]}}