{"id":542,"date":"2023-11-12T08:55:16","date_gmt":"2023-11-12T07:55:16","guid":{"rendered":"https:\/\/avalosresort.com\/avalos-resort-de-bienestar-y-sostenibilidad\/"},"modified":"2024-10-16T03:28:21","modified_gmt":"2024-10-16T01:28:21","slug":"avalos-resort-de-bienestar-y-sostenibilidad","status":"publish","type":"page","link":"https:\/\/avalosresort.com\/es\/avalos-resort-de-bienestar-y-sostenibilidad\/","title":{"rendered":"Resort de Bienestar y Sostenibilidad \u00c1valos"},"content":{"rendered":"<p><div class=\"fusion-fullwidth fullwidth-box fusion-builder-row-1 fusion-flex-container has-pattern-background has-mask-background hundred-percent-fullwidth non-hundred-percent-height-scrolling\" style=\"--awb-border-radius-top-left:0px;--awb-border-radius-top-right:0px;--awb-border-radius-bottom-right:0px;--awb-border-radius-bottom-left:0px;--awb-padding-top:0px;--awb-padding-right:0px;--awb-padding-left:0px;--awb-margin-top:0px;--awb-flex-wrap:wrap;\" ><div class=\"fusion-builder-row fusion-row fusion-flex-align-items-flex-start fusion-flex-content-wrap\" style=\"width:104% !important;max-width:104% !important;margin-left: calc(-4% \/ 2 );margin-right: calc(-4% \/ 2 );\"><div class=\"fusion-layout-column fusion_builder_column fusion-builder-column-0 fusion_builder_column_1_1 1_1 fusion-flex-column\" style=\"--awb-bg-size:cover;--awb-width-large:100%;--awb-margin-top-large:0px;--awb-spacing-right-large:1.92%;--awb-margin-bottom-large:20px;--awb-spacing-left-large:1.92%;--awb-width-medium:100%;--awb-order-medium:0;--awb-spacing-right-medium:1.92%;--awb-spacing-left-medium:1.92%;--awb-width-small:100%;--awb-order-small:0;--awb-spacing-right-small:1.92%;--awb-spacing-left-small:1.92%;\"><div class=\"fusion-column-wrapper fusion-column-has-shadow fusion-flex-justify-content-flex-start fusion-content-layout-column\"><div class=\"fusion-image-element \" style=\"text-align:center;--awb-max-width:1920px;--awb-caption-title-font-family:var(--h2_typography-font-family);--awb-caption-title-font-weight:var(--h2_typography-font-weight);--awb-caption-title-font-style:var(--h2_typography-font-style);--awb-caption-title-size:var(--h2_typography-font-size);--awb-caption-title-transform:var(--h2_typography-text-transform);--awb-caption-title-line-height:var(--h2_typography-line-height);--awb-caption-title-letter-spacing:var(--h2_typography-letter-spacing);\"><span class=\" fusion-imageframe imageframe-none imageframe-1 hover-type-none mainPageImage\"><img decoding=\"async\" width=\"1920\" height=\"1080\" title=\"PastedGraphic-10\" src=\"https:\/\/avalosresort.com\/wp-content\/uploads\/2023\/11\/PastedGraphic-10.webp\" alt class=\"img-responsive wp-image-240\" srcset=\"https:\/\/avalosresort.com\/wp-content\/uploads\/2023\/11\/PastedGraphic-10-200x113.webp 200w, https:\/\/avalosresort.com\/wp-content\/uploads\/2023\/11\/PastedGraphic-10-400x225.webp 400w, https:\/\/avalosresort.com\/wp-content\/uploads\/2023\/11\/PastedGraphic-10-600x338.webp 600w, https:\/\/avalosresort.com\/wp-content\/uploads\/2023\/11\/PastedGraphic-10-800x450.webp 800w, https:\/\/avalosresort.com\/wp-content\/uploads\/2023\/11\/PastedGraphic-10-1200x675.webp 1200w, https:\/\/avalosresort.com\/wp-content\/uploads\/2023\/11\/PastedGraphic-10.webp 1920w\" sizes=\"(max-width: 640px) 100vw, 1200px\" \/><\/span><\/div><\/div><\/div><\/div><\/div><div class=\"fusion-fullwidth fullwidth-box fusion-builder-row-2 fusion-flex-container has-pattern-background has-mask-background nonhundred-percent-fullwidth non-hundred-percent-height-scrolling\" style=\"--awb-border-radius-top-left:0px;--awb-border-radius-top-right:0px;--awb-border-radius-bottom-right:0px;--awb-border-radius-bottom-left:0px;--awb-margin-top:30px;--awb-flex-wrap:wrap;\" ><div class=\"fusion-builder-row fusion-row fusion-flex-align-items-flex-start fusion-flex-content-wrap\" style=\"max-width:1248px;margin-left: calc(-4% \/ 2 );margin-right: calc(-4% \/ 2 );\"><div class=\"fusion-layout-column fusion_builder_column fusion-builder-column-1 fusion_builder_column_1_2 1_2 fusion-flex-column\" style=\"--awb-bg-size:cover;--awb-width-large:50%;--awb-margin-top-large:0px;--awb-spacing-right-large:3.84%;--awb-margin-bottom-large:20px;--awb-spacing-left-large:3.84%;--awb-width-medium:50%;--awb-order-medium:0;--awb-spacing-right-medium:3.84%;--awb-spacing-left-medium:3.84%;--awb-width-small:100%;--awb-order-small:0;--awb-spacing-right-small:1.92%;--awb-spacing-left-small:1.92%;\"><div class=\"fusion-column-wrapper fusion-column-has-shadow fusion-flex-justify-content-flex-start fusion-content-layout-column\"><\/div><\/div><div class=\"fusion-layout-column fusion_builder_column fusion-builder-column-2 fusion_builder_column_1_2 1_2 fusion-flex-column\" style=\"--awb-bg-size:cover;--awb-width-large:50%;--awb-margin-top-large:0px;--awb-spacing-right-large:3.84%;--awb-margin-bottom-large:20px;--awb-spacing-left-large:3.84%;--awb-width-medium:50%;--awb-order-medium:0;--awb-spacing-right-medium:3.84%;--awb-spacing-left-medium:3.84%;--awb-width-small:100%;--awb-order-small:0;--awb-spacing-right-small:1.92%;--awb-spacing-left-small:1.92%;\"><div class=\"fusion-column-wrapper fusion-column-has-shadow fusion-flex-justify-content-flex-start fusion-content-layout-column\"><div class=\"fusion-text fusion-text-1\"><h1>Resort de Bienestar y<br \/>\nSostenibilidad \u00c1valos<\/h1>\n<\/div><\/div><\/div><div class=\"fusion-layout-column fusion_builder_column fusion-builder-column-3 fusion_builder_column_1_2 1_2 fusion-flex-column\" style=\"--awb-bg-size:cover;--awb-width-large:50%;--awb-margin-top-large:0px;--awb-spacing-right-large:3.84%;--awb-margin-bottom-large:20px;--awb-spacing-left-large:3.84%;--awb-width-medium:50%;--awb-order-medium:0;--awb-spacing-right-medium:3.84%;--awb-spacing-left-medium:3.84%;--awb-width-small:100%;--awb-order-small:0;--awb-spacing-right-small:1.92%;--awb-spacing-left-small:1.92%;\"><div class=\"fusion-column-wrapper fusion-column-has-shadow fusion-flex-justify-content-flex-start fusion-content-layout-column\"><div class=\"fusion-image-element \" style=\"--awb-margin-bottom:60px;--awb-max-width:100%;--awb-caption-title-font-family:var(--h2_typography-font-family);--awb-caption-title-font-weight:var(--h2_typography-font-weight);--awb-caption-title-font-style:var(--h2_typography-font-style);--awb-caption-title-size:var(--h2_typography-font-size);--awb-caption-title-transform:var(--h2_typography-text-transform);--awb-caption-title-line-height:var(--h2_typography-line-height);--awb-caption-title-letter-spacing:var(--h2_typography-letter-spacing);\"><span class=\" fusion-imageframe imageframe-none imageframe-2 hover-type-none\"><a href=\"https:\/\/avalosresort.com\/wp-content\/uploads\/2023\/11\/PG-21.jpg\" class=\"fusion-lightbox\" data-rel=\"iLightbox[872dc9fb6b5124d8fcb]\" data-title=\"PG-21\" title=\"PG-21\"><img decoding=\"async\" width=\"960\" height=\"540\" src=\"https:\/\/avalosresort.com\/wp-content\/uploads\/2023\/11\/PG-21.jpg\" alt class=\"img-responsive wp-image-168\" srcset=\"https:\/\/avalosresort.com\/wp-content\/uploads\/2023\/11\/PG-21-200x113.jpg 200w, https:\/\/avalosresort.com\/wp-content\/uploads\/2023\/11\/PG-21-400x225.jpg 400w, https:\/\/avalosresort.com\/wp-content\/uploads\/2023\/11\/PG-21-600x338.jpg 600w, https:\/\/avalosresort.com\/wp-content\/uploads\/2023\/11\/PG-21-800x450.jpg 800w, https:\/\/avalosresort.com\/wp-content\/uploads\/2023\/11\/PG-21.jpg 960w\" sizes=\"(max-width: 640px) 100vw, 600px\" \/><\/a><\/span><\/div><div class=\"fusion-image-element \" style=\"--awb-margin-bottom:60px;--awb-max-width:100%;--awb-caption-title-font-family:var(--h2_typography-font-family);--awb-caption-title-font-weight:var(--h2_typography-font-weight);--awb-caption-title-font-style:var(--h2_typography-font-style);--awb-caption-title-size:var(--h2_typography-font-size);--awb-caption-title-transform:var(--h2_typography-text-transform);--awb-caption-title-line-height:var(--h2_typography-line-height);--awb-caption-title-letter-spacing:var(--h2_typography-letter-spacing);\"><span class=\" fusion-imageframe imageframe-none imageframe-3 hover-type-none\"><a href=\"https:\/\/avalosresort.com\/wp-content\/uploads\/2023\/11\/PG-20.jpg\" class=\"fusion-lightbox\" data-rel=\"iLightbox[bf9cfd94db79a8aab9a]\" data-title=\"PG-20\" title=\"PG-20\"><img decoding=\"async\" width=\"774\" height=\"435\" src=\"https:\/\/avalosresort.com\/wp-content\/uploads\/2023\/11\/PG-20.jpg\" alt class=\"img-responsive wp-image-113\" srcset=\"https:\/\/avalosresort.com\/wp-content\/uploads\/2023\/11\/PG-20-200x112.jpg 200w, https:\/\/avalosresort.com\/wp-content\/uploads\/2023\/11\/PG-20-400x225.jpg 400w, https:\/\/avalosresort.com\/wp-content\/uploads\/2023\/11\/PG-20-600x337.jpg 600w, https:\/\/avalosresort.com\/wp-content\/uploads\/2023\/11\/PG-20.jpg 774w\" sizes=\"(max-width: 640px) 100vw, 600px\" \/><\/a><\/span><\/div><div class=\"fusion-image-element \" style=\"--awb-max-width:100%;--awb-caption-title-font-family:var(--h2_typography-font-family);--awb-caption-title-font-weight:var(--h2_typography-font-weight);--awb-caption-title-font-style:var(--h2_typography-font-style);--awb-caption-title-size:var(--h2_typography-font-size);--awb-caption-title-transform:var(--h2_typography-text-transform);--awb-caption-title-line-height:var(--h2_typography-line-height);--awb-caption-title-letter-spacing:var(--h2_typography-letter-spacing);\"><span class=\" fusion-imageframe imageframe-none imageframe-4 hover-type-none\"><a href=\"https:\/\/avalosresort.com\/wp-content\/uploads\/2023\/11\/PG-22.webp\" class=\"fusion-lightbox\" data-rel=\"iLightbox[10d0b8258bbc43f6a1f]\" data-title=\"PG-22\" title=\"PG-22\"><img decoding=\"async\" width=\"961\" height=\"540\" src=\"https:\/\/avalosresort.com\/wp-content\/uploads\/2023\/11\/PG-22.webp\" alt class=\"img-responsive wp-image-242\" srcset=\"https:\/\/avalosresort.com\/wp-content\/uploads\/2023\/11\/PG-22-200x112.webp 200w, https:\/\/avalosresort.com\/wp-content\/uploads\/2023\/11\/PG-22-400x225.webp 400w, https:\/\/avalosresort.com\/wp-content\/uploads\/2023\/11\/PG-22-600x337.webp 600w, https:\/\/avalosresort.com\/wp-content\/uploads\/2023\/11\/PG-22-800x450.webp 800w, https:\/\/avalosresort.com\/wp-content\/uploads\/2023\/11\/PG-22.webp 961w\" sizes=\"(max-width: 640px) 100vw, 600px\" \/><\/a><\/span><\/div><\/div><\/div><div class=\"fusion-layout-column fusion_builder_column fusion-builder-column-4 fusion_builder_column_1_2 1_2 fusion-flex-column\" style=\"--awb-bg-size:cover;--awb-width-large:50%;--awb-margin-top-large:0px;--awb-spacing-right-large:3.84%;--awb-margin-bottom-large:20px;--awb-spacing-left-large:3.84%;--awb-width-medium:50%;--awb-order-medium:0;--awb-spacing-right-medium:3.84%;--awb-spacing-left-medium:3.84%;--awb-width-small:100%;--awb-order-small:0;--awb-spacing-right-small:1.92%;--awb-spacing-left-small:1.92%;\"><div class=\"fusion-column-wrapper fusion-column-has-shadow fusion-flex-justify-content-flex-start fusion-content-layout-column\"><div class=\"fusion-text fusion-text-2 justifyText\"><p><span class=\"spanSubtitle\">Una Sinfon\u00eda de Sostenibilidad y Lujo<\/span><\/p>\n<p>Ubicado en el coraz\u00f3n de La Gomera, una joya de las Islas Canarias, el Resort de Bienestar Sostenible \u00c1VALOS emerge como un santuario donde el lujo se entrelaza sin esfuerzo con la sostenibilidad. Este destino exquisito, que incluye las impresionantes Villas de Lujo \u00c1VALOS y las elegantes Suites \u00c1VALOS, se erige como un testimonio de una visi\u00f3n en la que el futuro del lujo armoniza con la preservaci\u00f3n de nuestro planeta.<\/p>\n<p><span class=\"spanSubtitle\">Abrazando la Sostenibilidad, Celebrando el Lujo<\/span><\/p>\n<p>En el centro del Resort de Bienestar Sostenible \u00c1VALOS yace un firme compromiso con la sostenibilidad. Este ethos est\u00e1 entretejido en cada aspecto del resort, desde su arquitectura energ\u00e9ticamente eficiente hasta las innovadoras iniciativas de conservaci\u00f3n que protegen la rica biodiversidad de la isla. El resort trasciende el simple alojamiento; encarna un movimiento hacia un futuro donde el verdadero lujo se define no solo por la opulencia, sino por un profundo respeto por nuestro entorno.<\/p>\n<p><span class=\"spanSubtitle\">Una Comunidad de Bienestar y Serenidad<\/span><\/p>\n<p>El Resort de Bienestar Sostenible \u00c1VALOS es m\u00e1s que una colecci\u00f3n de experiencias individuales; fomenta una comunidad vibrante unida por una visi\u00f3n compartida de bienestar y sostenibilidad. Es un lugar de encuentro para almas afines, donde cada momento ofrece una oportunidad para la conexi\u00f3n, la relajaci\u00f3n y el rejuvenecimiento. Con playas tranquilas y la exuberante extensi\u00f3n del Parque Nacional de Garajonay a solo unos pasos, el resort invita a la exploraci\u00f3n y al descubrimiento en cada rinc\u00f3n.<\/p>\n<p><span class=\"spanSubtitle\">\u00c1VALOS: Un Nuevo Cap\u00edtulo en la Vida de Lujo<\/span><\/p>\n<p>\u00c1VALOS significa un cap\u00edtulo transformador en la narrativa de la vida de lujo. Representa un audaz salto hacia adelante, demostrando que el verdadero lujo reside en crear espacios que elevan estilos de vida mientras honran y mejoran el mundo natural. En medio de la serena belleza de La Gomera, \u00c1VALOS se alza como un faro de esperanza, un lugar donde el futuro del lujo, la sostenibilidad y el bienestar se est\u00e1 escribiendo con amor.<\/p>\n<p>En este para\u00edso, cada elemento, desde las Villas de Lujo \u00c1VALOS hasta las Suites \u00c1VALOS, contribuye a una experiencia que es tanto enriquecedora como esclarecedora. El Resort de Bienestar Sostenible \u00c1VALOS no es solo un destino; es un viaje a un mundo donde cada d\u00eda celebra la belleza de nuestro planeta y el incre\u00edble potencial de la humanidad para prosperar en armon\u00eda con \u00e9l.<\/p>\n<\/div><\/div><\/div><\/div><\/div><\/p>\n","protected":false},"excerpt":{"rendered":"","protected":false},"author":1,"featured_media":0,"parent":0,"menu_order":0,"comment_status":"closed","ping_status":"closed","template":"100-width.php","meta":{"footnotes":""},"class_list":["post-542","page","type-page","status-publish","hentry"],"_links":{"self":[{"href":"https:\/\/avalosresort.com\/es\/wp-json\/wp\/v2\/pages\/542","targetHints":{"allow":["GET"]}}],"collection":[{"href":"https:\/\/avalosresort.com\/es\/wp-json\/wp\/v2\/pages"}],"about":[{"href":"https:\/\/avalosresort.com\/es\/wp-json\/wp\/v2\/types\/page"}],"author":[{"embeddable":true,"href":"https:\/\/avalosresort.com\/es\/wp-json\/wp\/v2\/users\/1"}],"replies":[{"embeddable":true,"href":"https:\/\/avalosresort.com\/es\/wp-json\/wp\/v2\/comments?post=542"}],"version-history":[{"count":7,"href":"https:\/\/avalosresort.com\/es\/wp-json\/wp\/v2\/pages\/542\/revisions"}],"predecessor-version":[{"id":605,"href":"https:\/\/avalosresort.com\/es\/wp-json\/wp\/v2\/pages\/542\/revisions\/605"}],"wp:attachment":[{"href":"https:\/\/avalosresort.com\/es\/wp-json\/wp\/v2\/media?parent=542"}],"curies":[{"name":"wp","href":"https:\/\/api.w.org\/{rel}","templated":true}]}}