{"id":538,"date":"2023-11-02T20:03:22","date_gmt":"2023-11-02T19:03:22","guid":{"rendered":"https:\/\/avalosresort.com\/gente\/"},"modified":"2024-10-16T03:14:55","modified_gmt":"2024-10-16T01:14:55","slug":"gente","status":"publish","type":"page","link":"https:\/\/avalosresort.com\/es\/gente\/","title":{"rendered":"Gente"},"content":{"rendered":"<p><div class=\"fusion-fullwidth fullwidth-box fusion-builder-row-1 fusion-flex-container has-pattern-background has-mask-background hundred-percent-fullwidth non-hundred-percent-height-scrolling\" style=\"--awb-border-radius-top-left:0px;--awb-border-radius-top-right:0px;--awb-border-radius-bottom-right:0px;--awb-border-radius-bottom-left:0px;--awb-padding-top:0px;--awb-padding-right:0px;--awb-padding-left:0px;--awb-margin-top:0px;--awb-flex-wrap:wrap;\" ><div class=\"fusion-builder-row fusion-row fusion-flex-align-items-flex-start fusion-flex-content-wrap\" style=\"width:104% !important;max-width:104% !important;margin-left: calc(-4% \/ 2 );margin-right: calc(-4% \/ 2 );\"><div class=\"fusion-layout-column fusion_builder_column fusion-builder-column-0 fusion_builder_column_1_1 1_1 fusion-flex-column\" style=\"--awb-bg-size:cover;--awb-width-large:100%;--awb-margin-top-large:0px;--awb-spacing-right-large:1.92%;--awb-margin-bottom-large:20px;--awb-spacing-left-large:1.92%;--awb-width-medium:100%;--awb-order-medium:0;--awb-spacing-right-medium:1.92%;--awb-spacing-left-medium:1.92%;--awb-width-small:100%;--awb-order-small:0;--awb-spacing-right-small:1.92%;--awb-spacing-left-small:1.92%;\"><div class=\"fusion-column-wrapper fusion-column-has-shadow fusion-flex-justify-content-flex-start fusion-content-layout-column\"><div class=\"fusion-image-element \" style=\"text-align:center;--awb-max-width:1920px;--awb-caption-title-font-family:var(--h2_typography-font-family);--awb-caption-title-font-weight:var(--h2_typography-font-weight);--awb-caption-title-font-style:var(--h2_typography-font-style);--awb-caption-title-size:var(--h2_typography-font-size);--awb-caption-title-transform:var(--h2_typography-text-transform);--awb-caption-title-line-height:var(--h2_typography-line-height);--awb-caption-title-letter-spacing:var(--h2_typography-letter-spacing);\"><span class=\" fusion-imageframe imageframe-none imageframe-1 hover-type-none mainPageImage\"><img decoding=\"async\" width=\"1844\" height=\"1038\" title=\"02_1920x1080\" src=\"https:\/\/avalosresort.com\/wp-content\/uploads\/2023\/11\/02_1920x1080.webp\" alt class=\"img-responsive wp-image-378\" srcset=\"https:\/\/avalosresort.com\/wp-content\/uploads\/2023\/11\/02_1920x1080-200x113.webp 200w, https:\/\/avalosresort.com\/wp-content\/uploads\/2023\/11\/02_1920x1080-400x225.webp 400w, https:\/\/avalosresort.com\/wp-content\/uploads\/2023\/11\/02_1920x1080-600x338.webp 600w, https:\/\/avalosresort.com\/wp-content\/uploads\/2023\/11\/02_1920x1080-800x450.webp 800w, https:\/\/avalosresort.com\/wp-content\/uploads\/2023\/11\/02_1920x1080-1200x675.webp 1200w, https:\/\/avalosresort.com\/wp-content\/uploads\/2023\/11\/02_1920x1080.webp 1844w\" sizes=\"(max-width: 640px) 100vw, 1200px\" \/><\/span><\/div><div class=\"fusion-text fusion-text-1\"><div class=\"homeVideoCaption pageImageCaption\">\n<div class=\"verticalWhiteLine\"><\/div>\n<p>Gente<br \/>\n<span class=\"\">detr\u00e1s de la visi\u00f3n<\/span><\/p>\n<\/div>\n<\/div><\/div><\/div><\/div><\/div><div class=\"fusion-fullwidth fullwidth-box fusion-builder-row-2 fusion-flex-container has-pattern-background has-mask-background nonhundred-percent-fullwidth non-hundred-percent-height-scrolling\" style=\"--awb-border-radius-top-left:0px;--awb-border-radius-top-right:0px;--awb-border-radius-bottom-right:0px;--awb-border-radius-bottom-left:0px;--awb-margin-top:30px;--awb-flex-wrap:wrap;\" ><div class=\"fusion-builder-row fusion-row fusion-flex-align-items-flex-start fusion-flex-content-wrap\" style=\"max-width:1248px;margin-left: calc(-4% \/ 2 );margin-right: calc(-4% \/ 2 );\"><div class=\"fusion-layout-column fusion_builder_column fusion-builder-column-1 fusion_builder_column_1_1 1_1 fusion-flex-column\" style=\"--awb-bg-size:cover;--awb-width-large:100%;--awb-margin-top-large:0px;--awb-spacing-right-large:1.92%;--awb-margin-bottom-large:20px;--awb-spacing-left-large:1.92%;--awb-width-medium:100%;--awb-order-medium:0;--awb-spacing-right-medium:1.92%;--awb-spacing-left-medium:1.92%;--awb-width-small:100%;--awb-order-small:0;--awb-spacing-right-small:1.92%;--awb-spacing-left-small:1.92%;\"><div class=\"fusion-column-wrapper fusion-column-has-shadow fusion-flex-justify-content-flex-start fusion-content-layout-column\"><\/div><\/div><div class=\"fusion-layout-column fusion_builder_column fusion-builder-column-2 fusion_builder_column_1_3 1_3 fusion-flex-column\" style=\"--awb-bg-size:cover;--awb-width-large:33.333333333333%;--awb-margin-top-large:0px;--awb-spacing-right-large:5.76%;--awb-margin-bottom-large:20px;--awb-spacing-left-large:5.76%;--awb-width-medium:33.333333333333%;--awb-order-medium:0;--awb-spacing-right-medium:5.76%;--awb-spacing-left-medium:5.76%;--awb-width-small:100%;--awb-order-small:0;--awb-spacing-right-small:1.92%;--awb-spacing-left-small:1.92%;\"><div class=\"fusion-column-wrapper fusion-column-has-shadow fusion-flex-justify-content-flex-start fusion-content-layout-column\"><div class=\"fusion-image-element \" style=\"text-align:center;--awb-max-width:300px;--awb-caption-title-font-family:var(--h2_typography-font-family);--awb-caption-title-font-weight:var(--h2_typography-font-weight);--awb-caption-title-font-style:var(--h2_typography-font-style);--awb-caption-title-size:var(--h2_typography-font-size);--awb-caption-title-transform:var(--h2_typography-text-transform);--awb-caption-title-line-height:var(--h2_typography-line-height);--awb-caption-title-letter-spacing:var(--h2_typography-letter-spacing);\"><span class=\" fusion-imageframe imageframe-none imageframe-2 hover-type-none companyPeopleImage\"><img decoding=\"async\" width=\"293\" height=\"387\" title=\"Recurso 2_Roberto Ucelay Jorge\" src=\"https:\/\/avalosresort.com\/wp-content\/uploads\/2023\/11\/Recurso-2_Roberto-Ucelay-Jorge.png\" alt class=\"img-responsive wp-image-273\" srcset=\"https:\/\/avalosresort.com\/wp-content\/uploads\/2023\/11\/Recurso-2_Roberto-Ucelay-Jorge-200x264.png 200w, https:\/\/avalosresort.com\/wp-content\/uploads\/2023\/11\/Recurso-2_Roberto-Ucelay-Jorge.png 293w\" sizes=\"(max-width: 640px) 100vw, 293px\" \/><\/span><\/div><div class=\"fusion-text fusion-text-2\"><h2 style=\"font-size: 22px;\">Roberto Ucelay Jorge<\/h2>\n<\/div><div class=\"fusion-text fusion-text-3 peopleDescription\"><p>Roberto Ucelay Jorge, l\u00edder en la cartera de inversiones y activos de la familia, ha sido una fuerza impulsora en el desarrollo de la hospitalidad y el sector inmobiliario. Ha supervisado el crecimiento de m\u00e1s de 400 activos comerciales y de ocio en Tenerife, valorados en m\u00e1s de 100 millones de euros, incluyendo proyectos como Playa Fa\u00f1ab\u00e9 y Bah\u00eda \u00c1valos. Su diversa cartera incluye centros comerciales, campos de golf, apart-hoteles y m\u00e1s. Tambi\u00e9n ha incursionado en otras industrias, como la marca de cerveza y la distribuci\u00f3n automotriz. Graduado en la escuela de negocios ESADE con un BSc y un MBA, Roberto participa en diversas juntas de la industria y actualmente se centra en desarrollar el \u00c1valos Resort en La Gomera.<\/p>\n<\/div><\/div><\/div><div class=\"fusion-layout-column fusion_builder_column fusion-builder-column-3 fusion_builder_column_1_3 1_3 fusion-flex-column\" style=\"--awb-bg-size:cover;--awb-width-large:33.333333333333%;--awb-margin-top-large:0px;--awb-spacing-right-large:5.76%;--awb-margin-bottom-large:20px;--awb-spacing-left-large:5.76%;--awb-width-medium:33.333333333333%;--awb-order-medium:0;--awb-spacing-right-medium:5.76%;--awb-spacing-left-medium:5.76%;--awb-width-small:100%;--awb-order-small:0;--awb-spacing-right-small:1.92%;--awb-spacing-left-small:1.92%;\"><div class=\"fusion-column-wrapper fusion-column-has-shadow fusion-flex-justify-content-flex-start fusion-content-layout-column\"><div class=\"fusion-image-element \" style=\"text-align:center;--awb-max-width:300px;--awb-caption-title-font-family:var(--h2_typography-font-family);--awb-caption-title-font-weight:var(--h2_typography-font-weight);--awb-caption-title-font-style:var(--h2_typography-font-style);--awb-caption-title-size:var(--h2_typography-font-size);--awb-caption-title-transform:var(--h2_typography-text-transform);--awb-caption-title-line-height:var(--h2_typography-line-height);--awb-caption-title-letter-spacing:var(--h2_typography-letter-spacing);\"><span class=\" fusion-imageframe imageframe-none imageframe-3 hover-type-none companyPeopleImage\"><img decoding=\"async\" width=\"293\" height=\"386\" title=\"Olga Ucelay Sabina\" src=\"https:\/\/avalosresort.com\/wp-content\/uploads\/2023\/11\/Olga-Ucelay-Sabina.png\" alt class=\"img-responsive wp-image-453\" srcset=\"https:\/\/avalosresort.com\/wp-content\/uploads\/2023\/11\/Olga-Ucelay-Sabina-200x263.png 200w, https:\/\/avalosresort.com\/wp-content\/uploads\/2023\/11\/Olga-Ucelay-Sabina.png 293w\" sizes=\"(max-width: 640px) 100vw, 293px\" \/><\/span><\/div><div class=\"fusion-text fusion-text-4\"><h2 style=\"font-size: 22px;\">Olga Ucelay Sabina<\/h2>\n<\/div><div class=\"fusion-text fusion-text-5 peopleDescription\"><p>Olga Ucelay Sabina, una visionaria en los sectores financiero e inmobiliario, comenz\u00f3 su carrera en la banca privada en el Banco Exterior de Espa\u00f1a, adquiriendo valiosa experiencia financiera. Luego se uni\u00f3 al negocio familiar, asoci\u00e1ndose con su hermano Roberto Ucelay Sabina para liderar importantes proyectos hoteleros e inmobiliarios. En 1982, gestion\u00f3 con \u00e9xito el hotel \u00abLos Cardones Boutique Village\u00bb en Tenerife, seguido del hotel \u00abLagos de Fa\u00f1ab\u00e9\u00bb en 1987, manejando tanto el marketing como la gesti\u00f3n integral. Durante la d\u00e9cada de 1990, Olga lider\u00f3 varias iniciativas inmobiliarias, incluidas la gesti\u00f3n de varios centros comerciales como Fa\u00f1ab\u00e9 I, Litoral, Fa\u00f1ab\u00e9 Plaza, y el pionero centro comercial Gran Sur. Su rol ejecutivo se extendi\u00f3 a la supervisi\u00f3n de proyectos inmobiliarios como 90 Viviendas en El Gale\u00f3n, Mirador del Golf, y el proyecto Sun Bay Villas en Amarilla Golf.<\/p>\n<\/div><\/div><\/div><div class=\"fusion-layout-column fusion_builder_column fusion-builder-column-4 fusion_builder_column_1_3 1_3 fusion-flex-column\" style=\"--awb-bg-size:cover;--awb-width-large:33.333333333333%;--awb-margin-top-large:0px;--awb-spacing-right-large:5.76%;--awb-margin-bottom-large:20px;--awb-spacing-left-large:5.76%;--awb-width-medium:33.333333333333%;--awb-order-medium:0;--awb-spacing-right-medium:5.76%;--awb-spacing-left-medium:5.76%;--awb-width-small:100%;--awb-order-small:0;--awb-spacing-right-small:1.92%;--awb-spacing-left-small:1.92%;\"><div class=\"fusion-column-wrapper fusion-column-has-shadow fusion-flex-justify-content-flex-start fusion-content-layout-column\"><div class=\"fusion-image-element \" style=\"text-align:center;--awb-max-width:300px;--awb-caption-title-font-family:var(--h2_typography-font-family);--awb-caption-title-font-weight:var(--h2_typography-font-weight);--awb-caption-title-font-style:var(--h2_typography-font-style);--awb-caption-title-size:var(--h2_typography-font-size);--awb-caption-title-transform:var(--h2_typography-text-transform);--awb-caption-title-line-height:var(--h2_typography-line-height);--awb-caption-title-letter-spacing:var(--h2_typography-letter-spacing);\"><span class=\" fusion-imageframe imageframe-none imageframe-4 hover-type-none companyPeopleImage\"><img decoding=\"async\" width=\"292\" height=\"387\" title=\"Roberto-Ucelay-Sabina5\" src=\"https:\/\/avalosresort.com\/wp-content\/uploads\/2024\/05\/Roberto-Ucelay-Sabina5.png\" alt class=\"img-responsive wp-image-497\" srcset=\"https:\/\/avalosresort.com\/wp-content\/uploads\/2024\/05\/Roberto-Ucelay-Sabina5-200x265.png 200w, https:\/\/avalosresort.com\/wp-content\/uploads\/2024\/05\/Roberto-Ucelay-Sabina5.png 292w\" sizes=\"(max-width: 640px) 100vw, 292px\" \/><\/span><\/div><div class=\"fusion-text fusion-text-6\"><h2 style=\"font-size: 22px;\">Roberto Ucelay Sabina<\/h2>\n<\/div><div class=\"fusion-text fusion-text-7 peopleDescription\"><p>Roberto Ucelay Sabina, un ingeniero industrial y emprendedor inspirador, fund\u00f3 Urbanizaci\u00f3n Playa Fa\u00f1ab\u00e9, S.A. (UPF). Comenz\u00f3 su trayectoria en la industria del tabaco con CITA y, posteriormente, junto con sus hermanos, diversific\u00f3 hacia los sectores automotriz, de alimentos y bebidas, construcci\u00f3n e infraestructuras a trav\u00e9s de diversas empresas exitosas. En 1982, Roberto incursion\u00f3 en el turismo con los resorts Lagos de Fa\u00f1ab\u00e9 y Los Cardones, expandi\u00e9ndose a\u00fan m\u00e1s con la producci\u00f3n de cerveza bajo la marca Cervezas Anaga y REINA en 1997. Su visi\u00f3n llev\u00f3 a UPF a desarrollar numerosos inmuebles, incluyendo hoteles, apartamentos y centros comerciales, junto con servicios de playa e inmobiliarios, paquetes vacacionales, importaci\u00f3n y venta de plantas, flores y mobiliario de exterior, culminando con el ambicioso proyecto \u00c1valos en la isla de La Gomera.<\/p>\n<\/div><\/div><\/div><div class=\"fusion-layout-column fusion_builder_column fusion-builder-column-5 fusion_builder_column_1_3 1_3 fusion-flex-column\" style=\"--awb-bg-size:cover;--awb-width-large:33.333333333333%;--awb-margin-top-large:0px;--awb-spacing-right-large:5.76%;--awb-margin-bottom-large:20px;--awb-spacing-left-large:5.76%;--awb-width-medium:33.333333333333%;--awb-order-medium:0;--awb-spacing-right-medium:5.76%;--awb-spacing-left-medium:5.76%;--awb-width-small:100%;--awb-order-small:0;--awb-spacing-right-small:1.92%;--awb-spacing-left-small:1.92%;\"><div class=\"fusion-column-wrapper fusion-column-has-shadow fusion-flex-justify-content-flex-start fusion-content-layout-column\"><div class=\"fusion-image-element \" style=\"text-align:center;--awb-max-width:300px;--awb-caption-title-font-family:var(--h2_typography-font-family);--awb-caption-title-font-weight:var(--h2_typography-font-weight);--awb-caption-title-font-style:var(--h2_typography-font-style);--awb-caption-title-size:var(--h2_typography-font-size);--awb-caption-title-transform:var(--h2_typography-text-transform);--awb-caption-title-line-height:var(--h2_typography-line-height);--awb-caption-title-letter-spacing:var(--h2_typography-letter-spacing);\"><span class=\" fusion-imageframe imageframe-none imageframe-5 hover-type-none companyPeopleImage\"><img decoding=\"async\" width=\"290\" height=\"387\" title=\"Recurso 7_Clors Ucelay\" src=\"https:\/\/avalosresort.com\/wp-content\/uploads\/2023\/11\/Recurso-7_Clors-Ucelay.png\" alt class=\"img-responsive wp-image-277\" srcset=\"https:\/\/avalosresort.com\/wp-content\/uploads\/2023\/11\/Recurso-7_Clors-Ucelay-200x267.png 200w, https:\/\/avalosresort.com\/wp-content\/uploads\/2023\/11\/Recurso-7_Clors-Ucelay.png 290w\" sizes=\"(max-width: 640px) 100vw, 290px\" \/><\/span><\/div><div class=\"fusion-text fusion-text-8\"><h2 style=\"font-size: 22px;\">Cloris Ucelay Jorge<\/h2>\n<\/div><div class=\"fusion-text fusion-text-9 peopleDescription\"><p>Cloris Ucelay Jorge, miembro din\u00e1mico del consejo de Urbanizaci\u00f3n Playa Fa\u00f1ab\u00e9, S.A. (UPF), inici\u00f3 su carrera en Andersen en Barcelona, enfoc\u00e1ndose en un proyecto con General Motors. Tras obtener su t\u00edtulo en Direcci\u00f3n de Empresas por la Universidad Abat Oliba-CEU, se uni\u00f3 a Comercial Aguere, S.A. en Tenerife, destac\u00e1ndose en el departamento de auditor\u00eda interna en diversos sectores, como TI, construcci\u00f3n y la industria cervecera. Su rol evolucion\u00f3 en UPF, donde gestion\u00f3 el desarrollo de cines multiplex en el Centro Comercial Gran Sur y sobresali\u00f3 como analista de inversiones. Tambi\u00e9n ocup\u00f3 cargos como Directora Ejecutiva y gerente de importantes empresas tur\u00edsticas, contribuyendo significativamente a las auditor\u00edas contables y an\u00e1lisis financieros del grupo.<\/p>\n<\/div><\/div><\/div><div class=\"fusion-layout-column fusion_builder_column fusion-builder-column-6 fusion_builder_column_1_3 1_3 fusion-flex-column\" style=\"--awb-bg-size:cover;--awb-width-large:33.333333333333%;--awb-margin-top-large:0px;--awb-spacing-right-large:5.76%;--awb-margin-bottom-large:20px;--awb-spacing-left-large:5.76%;--awb-width-medium:33.333333333333%;--awb-order-medium:0;--awb-spacing-right-medium:5.76%;--awb-spacing-left-medium:5.76%;--awb-width-small:100%;--awb-order-small:0;--awb-spacing-right-small:1.92%;--awb-spacing-left-small:1.92%;\"><div class=\"fusion-column-wrapper fusion-column-has-shadow fusion-flex-justify-content-flex-start fusion-content-layout-column\"><div class=\"fusion-image-element \" style=\"text-align:center;--awb-max-width:300px;--awb-caption-title-font-family:var(--h2_typography-font-family);--awb-caption-title-font-weight:var(--h2_typography-font-weight);--awb-caption-title-font-style:var(--h2_typography-font-style);--awb-caption-title-size:var(--h2_typography-font-size);--awb-caption-title-transform:var(--h2_typography-text-transform);--awb-caption-title-line-height:var(--h2_typography-line-height);--awb-caption-title-letter-spacing:var(--h2_typography-letter-spacing);\"><span class=\" fusion-imageframe imageframe-none imageframe-6 hover-type-none companyPeopleImage\"><img decoding=\"async\" width=\"294\" height=\"388\" title=\"Recurso 4_Juan Jose\" src=\"https:\/\/avalosresort.com\/wp-content\/uploads\/2023\/11\/Recurso-4_Juan-Jose.png\" alt class=\"img-responsive wp-image-280\" srcset=\"https:\/\/avalosresort.com\/wp-content\/uploads\/2023\/11\/Recurso-4_Juan-Jose-200x264.png 200w, https:\/\/avalosresort.com\/wp-content\/uploads\/2023\/11\/Recurso-4_Juan-Jose.png 294w\" sizes=\"(max-width: 640px) 100vw, 294px\" \/><\/span><\/div><div class=\"fusion-text fusion-text-10\"><h2 style=\"font-size: 22px;\">Juan Jos\u00e9 Bacallado Ucelay<\/h2>\n<\/div><div class=\"fusion-text fusion-text-11 peopleDescription\"><p>Juan Jos\u00e9 Bacallado se uni\u00f3 a UPF en 1996 y ha contribuido en diversos sectores de la empresa, incluidos la construcci\u00f3n, el turismo, el sector inmobiliario y el automotriz. Comenz\u00f3 su carrera en auditor\u00eda antes de pasar a las finanzas como Director del Departamento Financiero. En 2000, asumi\u00f3 el cargo de Director de desarrollo inmobiliario, gestionando numerosos proyectos en la isla de La Gomera. Desde 2004, ha sido administrador de la mayor\u00eda de las empresas del grupo, junto a Roberto Ucelay. Juan Jos\u00e9 tiene formaci\u00f3n en econom\u00eda y un m\u00e1ster en Evaluaci\u00f3n de Impacto Ambiental, y su carrera refleja un compromiso con la innovaci\u00f3n, el \u00e9xito y el liderazgo dentro de la organizaci\u00f3n.<\/p>\n<\/div><\/div><\/div><div class=\"fusion-layout-column fusion_builder_column fusion-builder-column-7 fusion_builder_column_1_3 1_3 fusion-flex-column\" style=\"--awb-bg-size:cover;--awb-width-large:33.333333333333%;--awb-margin-top-large:0px;--awb-spacing-right-large:5.76%;--awb-margin-bottom-large:20px;--awb-spacing-left-large:5.76%;--awb-width-medium:33.333333333333%;--awb-order-medium:0;--awb-spacing-right-medium:5.76%;--awb-spacing-left-medium:5.76%;--awb-width-small:100%;--awb-order-small:0;--awb-spacing-right-small:1.92%;--awb-spacing-left-small:1.92%;\"><div class=\"fusion-column-wrapper fusion-column-has-shadow fusion-flex-justify-content-flex-start fusion-content-layout-column\"><div class=\"fusion-image-element \" style=\"text-align:center;--awb-max-width:300px;--awb-caption-title-font-family:var(--h2_typography-font-family);--awb-caption-title-font-weight:var(--h2_typography-font-weight);--awb-caption-title-font-style:var(--h2_typography-font-style);--awb-caption-title-size:var(--h2_typography-font-size);--awb-caption-title-transform:var(--h2_typography-text-transform);--awb-caption-title-line-height:var(--h2_typography-line-height);--awb-caption-title-letter-spacing:var(--h2_typography-letter-spacing);\"><span class=\" fusion-imageframe imageframe-none imageframe-7 hover-type-none companyPeopleImage\"><img decoding=\"async\" width=\"293\" height=\"387\" title=\"Recurso 5_Ana Ucelay\" src=\"https:\/\/avalosresort.com\/wp-content\/uploads\/2023\/11\/Recurso-5_Ana-Ucelay.png\" alt class=\"img-responsive wp-image-282\" srcset=\"https:\/\/avalosresort.com\/wp-content\/uploads\/2023\/11\/Recurso-5_Ana-Ucelay-200x264.png 200w, https:\/\/avalosresort.com\/wp-content\/uploads\/2023\/11\/Recurso-5_Ana-Ucelay.png 293w\" sizes=\"(max-width: 640px) 100vw, 293px\" \/><\/span><\/div><div class=\"fusion-text fusion-text-12\"><h2 style=\"font-size: 22px;\">Ana Ucelay Jorge<\/h2>\n<\/div><div class=\"fusion-text fusion-text-13 peopleDescription\"><p>Ana Ucelay Jorge es una profesional en\u00e9rgica, responsable de Marketing e Imagen Corporativa dentro de su organizaci\u00f3n. Educada en el Coll\u00e8ge Alpin International Beau Soleil y en IQS, Universitat Ramon Llull, su carrera profesional abarca m\u00e1s de una d\u00e9cada. Sus roles incluyen marketing en Bear Publishing, ventas en Canauto Company S.A., y marketing estrat\u00e9gico en Cervezas Anaga S.A. en Tenerife. Conocida por su fuerte liderazgo y creatividad, la adaptabilidad y determinaci\u00f3n de Ana la distinguen en su campo. Sus intereses personales, como los viajes, la fotograf\u00eda, el cine, el teatro y la m\u00fasica, contribuyen a su enfoque hol\u00edstico del marketing.<\/p>\n<\/div><\/div><\/div><div class=\"fusion-layout-column fusion_builder_column fusion-builder-column-8 fusion_builder_column_1_3 1_3 fusion-flex-column\" style=\"--awb-bg-size:cover;--awb-width-large:33.333333333333%;--awb-margin-top-large:0px;--awb-spacing-right-large:5.76%;--awb-margin-bottom-large:20px;--awb-spacing-left-large:5.76%;--awb-width-medium:33.333333333333%;--awb-order-medium:0;--awb-spacing-right-medium:5.76%;--awb-spacing-left-medium:5.76%;--awb-width-small:100%;--awb-order-small:0;--awb-spacing-right-small:1.92%;--awb-spacing-left-small:1.92%;\"><div class=\"fusion-column-wrapper fusion-column-has-shadow fusion-flex-justify-content-flex-start fusion-content-layout-column\"><div class=\"fusion-image-element \" style=\"text-align:center;--awb-max-width:300px;--awb-caption-title-font-family:var(--h2_typography-font-family);--awb-caption-title-font-weight:var(--h2_typography-font-weight);--awb-caption-title-font-style:var(--h2_typography-font-style);--awb-caption-title-size:var(--h2_typography-font-size);--awb-caption-title-transform:var(--h2_typography-text-transform);--awb-caption-title-line-height:var(--h2_typography-line-height);--awb-caption-title-letter-spacing:var(--h2_typography-letter-spacing);\"><span class=\" fusion-imageframe imageframe-none imageframe-8 hover-type-none companyPeopleImage\"><img decoding=\"async\" width=\"292\" height=\"385\" title=\"Recurso 6_Roberto Bacallado\" src=\"https:\/\/avalosresort.com\/wp-content\/uploads\/2023\/11\/Recurso-6_Roberto-Bacallado.png\" alt class=\"img-responsive wp-image-284\" srcset=\"https:\/\/avalosresort.com\/wp-content\/uploads\/2023\/11\/Recurso-6_Roberto-Bacallado-200x264.png 200w, https:\/\/avalosresort.com\/wp-content\/uploads\/2023\/11\/Recurso-6_Roberto-Bacallado.png 292w\" sizes=\"(max-width: 640px) 100vw, 292px\" \/><\/span><\/div><div class=\"fusion-text fusion-text-14\"><h1 style=\"font-size: 22px;\">Roberto Bacallado Ucelay<\/h1>\n<\/div><div class=\"fusion-text fusion-text-15 peopleDescription\"><p>Un dinamizador empresarial en los sectores de turismo y alimentaci\u00f3n. Roberto Bacallado Ucelay, con un MBA de Business School, Tenerife y un HND en Administraci\u00f3n de Empresas por la Universidad de La Laguna, tiene una carrera ilustre que abarca los sectores de la alimentaci\u00f3n y el turismo. Comenzando en 1995, Roberto se destac\u00f3 como Oficial de Contabilidad en General Importadora Canaria, S.A., liderando las estrategias de importaci\u00f3n y ventas de la empresa. En 1998, dirigi\u00f3 Urbanizaci\u00f3n Playa de Fa\u00f1ab\u00e9, S.A., Costa Adeje, en el sur de Tenerife, supervisando no solo la contabilidad, sino tambi\u00e9n ampliando sus horizontes como Director de Administraci\u00f3n. Actualmente, como accionista y Director General de F&#038;B en Sand and Sea Resorts, S.L., el talento de Roberto brilla en la gesti\u00f3n de restaurantes clave como \u201cEl Jard\u00edn\u201d y \u201cLa Tosca\u201d en el Hotel Lagos de Fa\u00f1abe, Costa Adeje, Tenerife.<\/p>\n<\/div><\/div><\/div><\/div><\/div><\/p>\n","protected":false},"excerpt":{"rendered":"","protected":false},"author":1,"featured_media":0,"parent":0,"menu_order":0,"comment_status":"closed","ping_status":"closed","template":"100-width.php","meta":{"footnotes":""},"class_list":["post-538","page","type-page","status-publish","hentry"],"_links":{"self":[{"href":"https:\/\/avalosresort.com\/es\/wp-json\/wp\/v2\/pages\/538","targetHints":{"allow":["GET"]}}],"collection":[{"href":"https:\/\/avalosresort.com\/es\/wp-json\/wp\/v2\/pages"}],"about":[{"href":"https:\/\/avalosresort.com\/es\/wp-json\/wp\/v2\/types\/page"}],"author":[{"embeddable":true,"href":"https:\/\/avalosresort.com\/es\/wp-json\/wp\/v2\/users\/1"}],"replies":[{"embeddable":true,"href":"https:\/\/avalosresort.com\/es\/wp-json\/wp\/v2\/comments?post=538"}],"version-history":[{"count":7,"href":"https:\/\/avalosresort.com\/es\/wp-json\/wp\/v2\/pages\/538\/revisions"}],"predecessor-version":[{"id":593,"href":"https:\/\/avalosresort.com\/es\/wp-json\/wp\/v2\/pages\/538\/revisions\/593"}],"wp:attachment":[{"href":"https:\/\/avalosresort.com\/es\/wp-json\/wp\/v2\/media?parent=538"}],"curies":[{"name":"wp","href":"https:\/\/api.w.org\/{rel}","templated":true}]}}