{"id":530,"date":"2023-11-14T03:11:20","date_gmt":"2023-11-14T02:11:20","guid":{"rendered":"https:\/\/avalosresort.com\/avalos-luxury-suites\/"},"modified":"2024-10-16T03:26:23","modified_gmt":"2024-10-16T01:26:23","slug":"avalos-luxury-suites","status":"publish","type":"page","link":"https:\/\/avalosresort.com\/es\/avalos-luxury-suites\/","title":{"rendered":"Suites de Lujo \u00c1valos"},"content":{"rendered":"<p><div class=\"fusion-fullwidth fullwidth-box fusion-builder-row-1 fusion-flex-container has-pattern-background has-mask-background hundred-percent-fullwidth non-hundred-percent-height-scrolling\" style=\"--awb-border-radius-top-left:0px;--awb-border-radius-top-right:0px;--awb-border-radius-bottom-right:0px;--awb-border-radius-bottom-left:0px;--awb-padding-top:0px;--awb-padding-right:0px;--awb-padding-left:0px;--awb-margin-top:0px;--awb-flex-wrap:wrap;\" ><div class=\"fusion-builder-row fusion-row fusion-flex-align-items-flex-start fusion-flex-content-wrap\" style=\"width:104% !important;max-width:104% !important;margin-left: calc(-4% \/ 2 );margin-right: calc(-4% \/ 2 );\"><div class=\"fusion-layout-column fusion_builder_column fusion-builder-column-0 fusion_builder_column_1_1 1_1 fusion-flex-column\" style=\"--awb-bg-size:cover;--awb-width-large:100%;--awb-margin-top-large:0px;--awb-spacing-right-large:1.92%;--awb-margin-bottom-large:20px;--awb-spacing-left-large:1.92%;--awb-width-medium:100%;--awb-order-medium:0;--awb-spacing-right-medium:1.92%;--awb-spacing-left-medium:1.92%;--awb-width-small:100%;--awb-order-small:0;--awb-spacing-right-small:1.92%;--awb-spacing-left-small:1.92%;\"><div class=\"fusion-column-wrapper fusion-column-has-shadow fusion-flex-justify-content-flex-start fusion-content-layout-column\"><div class=\"fusion-image-element \" style=\"text-align:center;--awb-max-width:1920px;--awb-caption-title-font-family:var(--h2_typography-font-family);--awb-caption-title-font-weight:var(--h2_typography-font-weight);--awb-caption-title-font-style:var(--h2_typography-font-style);--awb-caption-title-size:var(--h2_typography-font-size);--awb-caption-title-transform:var(--h2_typography-text-transform);--awb-caption-title-line-height:var(--h2_typography-line-height);--awb-caption-title-letter-spacing:var(--h2_typography-letter-spacing);\"><span class=\" fusion-imageframe imageframe-none imageframe-1 hover-type-none mainPageImage\"><img decoding=\"async\" width=\"1920\" height=\"1080\" title=\"PG-27_web_1920x1080\" src=\"https:\/\/avalosresort.com\/wp-content\/uploads\/2023\/11\/PG-27_web_1920x1080.webp\" alt class=\"img-responsive wp-image-363\" srcset=\"https:\/\/avalosresort.com\/wp-content\/uploads\/2023\/11\/PG-27_web_1920x1080-200x113.webp 200w, https:\/\/avalosresort.com\/wp-content\/uploads\/2023\/11\/PG-27_web_1920x1080-400x225.webp 400w, https:\/\/avalosresort.com\/wp-content\/uploads\/2023\/11\/PG-27_web_1920x1080-600x338.webp 600w, https:\/\/avalosresort.com\/wp-content\/uploads\/2023\/11\/PG-27_web_1920x1080-800x450.webp 800w, https:\/\/avalosresort.com\/wp-content\/uploads\/2023\/11\/PG-27_web_1920x1080-1200x675.webp 1200w, https:\/\/avalosresort.com\/wp-content\/uploads\/2023\/11\/PG-27_web_1920x1080.webp 1920w\" sizes=\"(max-width: 640px) 100vw, 1200px\" \/><\/span><\/div><\/div><\/div><\/div><\/div><div class=\"fusion-fullwidth fullwidth-box fusion-builder-row-2 fusion-flex-container has-pattern-background has-mask-background nonhundred-percent-fullwidth non-hundred-percent-height-scrolling\" style=\"--awb-border-radius-top-left:0px;--awb-border-radius-top-right:0px;--awb-border-radius-bottom-right:0px;--awb-border-radius-bottom-left:0px;--awb-margin-top:30px;--awb-flex-wrap:wrap;\" ><div class=\"fusion-builder-row fusion-row fusion-flex-align-items-flex-start fusion-flex-content-wrap\" style=\"max-width:1248px;margin-left: calc(-4% \/ 2 );margin-right: calc(-4% \/ 2 );\"><div class=\"fusion-layout-column fusion_builder_column fusion-builder-column-1 fusion_builder_column_1_2 1_2 fusion-flex-column\" style=\"--awb-bg-size:cover;--awb-width-large:50%;--awb-margin-top-large:0px;--awb-spacing-right-large:3.84%;--awb-margin-bottom-large:20px;--awb-spacing-left-large:3.84%;--awb-width-medium:50%;--awb-order-medium:0;--awb-spacing-right-medium:3.84%;--awb-spacing-left-medium:3.84%;--awb-width-small:100%;--awb-order-small:0;--awb-spacing-right-small:1.92%;--awb-spacing-left-small:1.92%;\"><div class=\"fusion-column-wrapper fusion-column-has-shadow fusion-flex-justify-content-flex-start fusion-content-layout-column\"><\/div><\/div><div class=\"fusion-layout-column fusion_builder_column fusion-builder-column-2 fusion_builder_column_1_2 1_2 fusion-flex-column\" style=\"--awb-bg-size:cover;--awb-width-large:50%;--awb-margin-top-large:0px;--awb-spacing-right-large:3.84%;--awb-margin-bottom-large:20px;--awb-spacing-left-large:3.84%;--awb-width-medium:50%;--awb-order-medium:0;--awb-spacing-right-medium:3.84%;--awb-spacing-left-medium:3.84%;--awb-width-small:100%;--awb-order-small:0;--awb-spacing-right-small:1.92%;--awb-spacing-left-small:1.92%;\"><div class=\"fusion-column-wrapper fusion-column-has-shadow fusion-flex-justify-content-flex-start fusion-content-layout-column\"><div class=\"fusion-text fusion-text-1\"><h1>Suites de Lujo \u00c1valos<\/h1>\n<\/div><\/div><\/div><div class=\"fusion-layout-column fusion_builder_column fusion-builder-column-3 fusion_builder_column_1_2 1_2 fusion-flex-column\" style=\"--awb-bg-size:cover;--awb-width-large:50%;--awb-margin-top-large:0px;--awb-spacing-right-large:3.84%;--awb-margin-bottom-large:20px;--awb-spacing-left-large:3.84%;--awb-width-medium:50%;--awb-order-medium:0;--awb-spacing-right-medium:3.84%;--awb-spacing-left-medium:3.84%;--awb-width-small:100%;--awb-order-small:0;--awb-spacing-right-small:1.92%;--awb-spacing-left-small:1.92%;\"><div class=\"fusion-column-wrapper fusion-column-has-shadow fusion-flex-justify-content-flex-start fusion-content-layout-column\"><div class=\"fusion-image-element \" style=\"--awb-margin-bottom:60px;--awb-max-width:100%;--awb-caption-title-font-family:var(--h2_typography-font-family);--awb-caption-title-font-weight:var(--h2_typography-font-weight);--awb-caption-title-font-style:var(--h2_typography-font-style);--awb-caption-title-size:var(--h2_typography-font-size);--awb-caption-title-transform:var(--h2_typography-text-transform);--awb-caption-title-line-height:var(--h2_typography-line-height);--awb-caption-title-letter-spacing:var(--h2_typography-letter-spacing);\"><span class=\" fusion-imageframe imageframe-none imageframe-2 hover-type-none\"><a href=\"https:\/\/avalosresort.com\/wp-content\/uploads\/2023\/11\/PastedGraphic-1920x1080-1.webp\" class=\"fusion-lightbox\" data-rel=\"iLightbox[fafa6b7f8e32c78ad18]\" data-title=\"PastedGraphic-1920&#215;1080\" title=\"PastedGraphic-1920&#215;1080\"><img decoding=\"async\" width=\"1162\" height=\"654\" src=\"https:\/\/avalosresort.com\/wp-content\/uploads\/2023\/11\/PastedGraphic-1920x1080-1.webp\" alt class=\"img-responsive wp-image-365\" srcset=\"https:\/\/avalosresort.com\/wp-content\/uploads\/2023\/11\/PastedGraphic-1920x1080-1-200x113.webp 200w, https:\/\/avalosresort.com\/wp-content\/uploads\/2023\/11\/PastedGraphic-1920x1080-1-400x225.webp 400w, https:\/\/avalosresort.com\/wp-content\/uploads\/2023\/11\/PastedGraphic-1920x1080-1-600x338.webp 600w, https:\/\/avalosresort.com\/wp-content\/uploads\/2023\/11\/PastedGraphic-1920x1080-1-800x450.webp 800w, https:\/\/avalosresort.com\/wp-content\/uploads\/2023\/11\/PastedGraphic-1920x1080-1.webp 1162w\" sizes=\"(max-width: 640px) 100vw, 600px\" \/><\/a><\/span><\/div><div class=\"fusion-image-element \" style=\"--awb-margin-bottom:60px;--awb-max-width:100%;--awb-caption-title-font-family:var(--h2_typography-font-family);--awb-caption-title-font-weight:var(--h2_typography-font-weight);--awb-caption-title-font-style:var(--h2_typography-font-style);--awb-caption-title-size:var(--h2_typography-font-size);--awb-caption-title-transform:var(--h2_typography-text-transform);--awb-caption-title-line-height:var(--h2_typography-line-height);--awb-caption-title-letter-spacing:var(--h2_typography-letter-spacing);\"><span class=\" fusion-imageframe imageframe-none imageframe-3 hover-type-none\"><a href=\"https:\/\/avalosresort.com\/wp-content\/uploads\/2023\/11\/PG-32.webp\" class=\"fusion-lightbox\" data-rel=\"iLightbox[93bb9f6b15d65d567a5]\" data-title=\"PG-32\" title=\"PG-32\"><img decoding=\"async\" width=\"960\" height=\"540\" src=\"https:\/\/avalosresort.com\/wp-content\/uploads\/2023\/11\/PG-32.webp\" alt class=\"img-responsive wp-image-367\" srcset=\"https:\/\/avalosresort.com\/wp-content\/uploads\/2023\/11\/PG-32-200x113.webp 200w, https:\/\/avalosresort.com\/wp-content\/uploads\/2023\/11\/PG-32-400x225.webp 400w, https:\/\/avalosresort.com\/wp-content\/uploads\/2023\/11\/PG-32-600x338.webp 600w, https:\/\/avalosresort.com\/wp-content\/uploads\/2023\/11\/PG-32-800x450.webp 800w, https:\/\/avalosresort.com\/wp-content\/uploads\/2023\/11\/PG-32.webp 960w\" sizes=\"(max-width: 640px) 100vw, 600px\" \/><\/a><\/span><\/div><div class=\"fusion-image-element \" style=\"--awb-max-width:100%;--awb-caption-title-font-family:var(--h2_typography-font-family);--awb-caption-title-font-weight:var(--h2_typography-font-weight);--awb-caption-title-font-style:var(--h2_typography-font-style);--awb-caption-title-size:var(--h2_typography-font-size);--awb-caption-title-transform:var(--h2_typography-text-transform);--awb-caption-title-line-height:var(--h2_typography-line-height);--awb-caption-title-letter-spacing:var(--h2_typography-letter-spacing);\"><span class=\" fusion-imageframe imageframe-none imageframe-4 hover-type-none\"><a href=\"https:\/\/avalosresort.com\/wp-content\/uploads\/2023\/11\/Avalos-05_E-1920x1080-1.webp\" class=\"fusion-lightbox\" data-rel=\"iLightbox[b8f35ef0faa9063a2a9]\" data-title=\"Avalos 05_E 1920&#215;1080\" title=\"Avalos 05_E 1920&#215;1080\"><img decoding=\"async\" width=\"1921\" height=\"1080\" src=\"https:\/\/avalosresort.com\/wp-content\/uploads\/2023\/11\/Avalos-05_E-1920x1080-1.webp\" alt class=\"img-responsive wp-image-369\" srcset=\"https:\/\/avalosresort.com\/wp-content\/uploads\/2023\/11\/Avalos-05_E-1920x1080-1-200x112.webp 200w, https:\/\/avalosresort.com\/wp-content\/uploads\/2023\/11\/Avalos-05_E-1920x1080-1-400x225.webp 400w, https:\/\/avalosresort.com\/wp-content\/uploads\/2023\/11\/Avalos-05_E-1920x1080-1-600x337.webp 600w, https:\/\/avalosresort.com\/wp-content\/uploads\/2023\/11\/Avalos-05_E-1920x1080-1-800x450.webp 800w, https:\/\/avalosresort.com\/wp-content\/uploads\/2023\/11\/Avalos-05_E-1920x1080-1-1200x675.webp 1200w, https:\/\/avalosresort.com\/wp-content\/uploads\/2023\/11\/Avalos-05_E-1920x1080-1.webp 1921w\" sizes=\"(max-width: 640px) 100vw, 600px\" \/><\/a><\/span><\/div><\/div><\/div><div class=\"fusion-layout-column fusion_builder_column fusion-builder-column-4 fusion_builder_column_1_2 1_2 fusion-flex-column\" style=\"--awb-bg-size:cover;--awb-width-large:50%;--awb-margin-top-large:0px;--awb-spacing-right-large:3.84%;--awb-margin-bottom-large:20px;--awb-spacing-left-large:3.84%;--awb-width-medium:50%;--awb-order-medium:0;--awb-spacing-right-medium:3.84%;--awb-spacing-left-medium:3.84%;--awb-width-small:100%;--awb-order-small:0;--awb-spacing-right-small:1.92%;--awb-spacing-left-small:1.92%;\"><div class=\"fusion-column-wrapper fusion-column-has-shadow fusion-flex-justify-content-flex-start fusion-content-layout-column\"><div class=\"fusion-text fusion-text-2 justifyText\"><p><span class=\"spanSubtitle\">Donde la Serenidad se Encuentra con la Sofisticaci\u00f3n<\/span><\/p>\n<p>\u00c1valos Luxury Suites: Donde la Serenidad se Encuentra con la Sofisticaci\u00f3n<br \/>\nEn el coraz\u00f3n de La Gomera, surge un refugio de tranquilidad y belleza: \u00c1VALOS Luxury Suites. Aqu\u00ed, en un paisaje donde el Atl\u00e1ntico azul besa el horizonte, estas suites no solo ofrecen una estancia lujosa, sino tambi\u00e9n un lienzo donde se pintan los momentos m\u00e1s preciados de la vida.<\/p>\n<p><span class=\"spanSubtitle\">Una Sinfon\u00eda de Naturaleza y Elegancia<\/span><\/p>\n<p>Cada suite en \u00c1VALOS es una obra maestra de dise\u00f1o, una fusi\u00f3n armoniosa de elegancia y confort. Imagina despertar con el resplandor dorado del sol naciente sobre el vasto oc\u00e9ano, pasar las tardes contemplando monta\u00f1as imponentes y disfrutar de noches envueltas en la serenidad de jardines exuberantes. Cada suite est\u00e1 estrat\u00e9gicamente ubicada para ofrecer vistas impresionantes, asegurando que la majestuosidad de la naturaleza siempre est\u00e9 al alcance de la mano.<\/p>\n<p><span class=\"spanSubtitle\">Tu Santuario Personal<\/span><\/p>\n<p>En \u00c1VALOS, el lujo se redefine. No se trata solo de opulencia, sino de crear espacios que resuenen con confort y tranquilidad. Estas suites son m\u00e1s que alojamientos, son retiros personales donde cada rinc\u00f3n y cada detalle est\u00e1n dise\u00f1ados para ayudarte a desconectar, relajarte y encontrar tu paz interior. Este es tu santuario, donde cada d\u00eda es una escapada de la rutina.<\/p>\n<p><span class=\"spanSubtitle\">Un Hogar para Cada Viaje<\/span><\/p>\n<p>Ya sea que busques una estancia prolongada, unas vacaciones inolvidables en familia, tranquilidad durante la recuperaci\u00f3n m\u00e9dica o un retiro regular como miembro del club, \u00c1VALOS tiene todo lo que necesitas. Las suites est\u00e1n dise\u00f1adas pensando en la versatilidad, garantizando que cada hu\u00e9sped encuentre su refugio ideal, su propio pedazo de para\u00edso.<\/p>\n<p><span class=\"spanSubtitle\">Un Lugar para Vivir, Amar y Disfrutar<\/span><\/p>\n<p>\u00c1VALOS Luxury Suites no es solo un lugar donde quedarse, es un lugar donde vivir, amar y deleitarse en el arte de la relajaci\u00f3n. Imagina tener tu propio rinc\u00f3n en el para\u00edso, donde \u00abhogar\u00bb es sin\u00f3nimo de una eterna vacaci\u00f3n. Es un lugar donde las risas llenan el aire, cada atardecer trae nuevas promesas y cada momento es una oportunidad para crear recuerdos que duren toda la vida.<br \/>\nEn el abrazo de \u00c1VALOS Luxury Suites, la vida se desacelera, permiti\u00e9ndote saborear cada segundo, cada respiraci\u00f3n. Es un lugar donde la felicidad no solo se encuentra, se vive. Bienvenido a \u00c1VALOS, tu para\u00edso personal de elegancia y dicha, donde la relajaci\u00f3n y el lujo se unen para crear experiencias inolvidables para clientes de servicios m\u00e9dicos, miembros del club y familias.<\/p>\n<\/div><\/div><\/div><\/div><\/div><\/p>\n","protected":false},"excerpt":{"rendered":"","protected":false},"author":1,"featured_media":0,"parent":0,"menu_order":0,"comment_status":"closed","ping_status":"closed","template":"100-width.php","meta":{"footnotes":""},"class_list":["post-530","page","type-page","status-publish","hentry"],"_links":{"self":[{"href":"https:\/\/avalosresort.com\/es\/wp-json\/wp\/v2\/pages\/530","targetHints":{"allow":["GET"]}}],"collection":[{"href":"https:\/\/avalosresort.com\/es\/wp-json\/wp\/v2\/pages"}],"about":[{"href":"https:\/\/avalosresort.com\/es\/wp-json\/wp\/v2\/types\/page"}],"author":[{"embeddable":true,"href":"https:\/\/avalosresort.com\/es\/wp-json\/wp\/v2\/users\/1"}],"replies":[{"embeddable":true,"href":"https:\/\/avalosresort.com\/es\/wp-json\/wp\/v2\/comments?post=530"}],"version-history":[{"count":7,"href":"https:\/\/avalosresort.com\/es\/wp-json\/wp\/v2\/pages\/530\/revisions"}],"predecessor-version":[{"id":601,"href":"https:\/\/avalosresort.com\/es\/wp-json\/wp\/v2\/pages\/530\/revisions\/601"}],"wp:attachment":[{"href":"https:\/\/avalosresort.com\/es\/wp-json\/wp\/v2\/media?parent=530"}],"curies":[{"name":"wp","href":"https:\/\/api.w.org\/{rel}","templated":true}]}}