{"id":526,"date":"2023-11-14T03:03:27","date_gmt":"2023-11-14T02:03:27","guid":{"rendered":"https:\/\/avalosresort.com\/villas-de-lujo-avalos\/"},"modified":"2024-10-16T01:45:59","modified_gmt":"2024-10-15T23:45:59","slug":"villas-de-lujo-avalos","status":"publish","type":"page","link":"https:\/\/avalosresort.com\/es\/villas-de-lujo-avalos\/","title":{"rendered":"Villas de Lujo \u00c1valos"},"content":{"rendered":"<p><div class=\"fusion-fullwidth fullwidth-box fusion-builder-row-1 fusion-flex-container has-pattern-background has-mask-background hundred-percent-fullwidth non-hundred-percent-height-scrolling\" style=\"--awb-border-radius-top-left:0px;--awb-border-radius-top-right:0px;--awb-border-radius-bottom-right:0px;--awb-border-radius-bottom-left:0px;--awb-padding-top:0px;--awb-padding-right:0px;--awb-padding-left:0px;--awb-margin-top:0px;--awb-flex-wrap:wrap;\" ><div class=\"fusion-builder-row fusion-row fusion-flex-align-items-flex-start fusion-flex-content-wrap\" style=\"width:104% !important;max-width:104% !important;margin-left: calc(-4% \/ 2 );margin-right: calc(-4% \/ 2 );\"><div class=\"fusion-layout-column fusion_builder_column fusion-builder-column-0 fusion_builder_column_1_1 1_1 fusion-flex-column\" style=\"--awb-bg-size:cover;--awb-width-large:100%;--awb-margin-top-large:0px;--awb-spacing-right-large:1.92%;--awb-margin-bottom-large:20px;--awb-spacing-left-large:1.92%;--awb-width-medium:100%;--awb-order-medium:0;--awb-spacing-right-medium:1.92%;--awb-spacing-left-medium:1.92%;--awb-width-small:100%;--awb-order-small:0;--awb-spacing-right-small:1.92%;--awb-spacing-left-small:1.92%;\"><div class=\"fusion-column-wrapper fusion-column-has-shadow fusion-flex-justify-content-flex-start fusion-content-layout-column\"><div class=\"fusion-image-element \" style=\"text-align:center;--awb-max-width:1920px;--awb-caption-title-font-family:var(--h2_typography-font-family);--awb-caption-title-font-weight:var(--h2_typography-font-weight);--awb-caption-title-font-style:var(--h2_typography-font-style);--awb-caption-title-size:var(--h2_typography-font-size);--awb-caption-title-transform:var(--h2_typography-text-transform);--awb-caption-title-line-height:var(--h2_typography-line-height);--awb-caption-title-letter-spacing:var(--h2_typography-letter-spacing);\"><span class=\" fusion-imageframe imageframe-none imageframe-1 hover-type-none mainPageImage\"><img decoding=\"async\" width=\"960\" height=\"540\" title=\"PG-31\" src=\"https:\/\/avalosresort.com\/wp-content\/uploads\/2023\/11\/PG-31.webp\" alt class=\"img-responsive wp-image-405\" srcset=\"https:\/\/avalosresort.com\/wp-content\/uploads\/2023\/11\/PG-31-200x113.webp 200w, https:\/\/avalosresort.com\/wp-content\/uploads\/2023\/11\/PG-31-400x225.webp 400w, https:\/\/avalosresort.com\/wp-content\/uploads\/2023\/11\/PG-31-600x338.webp 600w, https:\/\/avalosresort.com\/wp-content\/uploads\/2023\/11\/PG-31-800x450.webp 800w, https:\/\/avalosresort.com\/wp-content\/uploads\/2023\/11\/PG-31.webp 960w\" sizes=\"(max-width: 640px) 100vw, 960px\" \/><\/span><\/div><\/div><\/div><\/div><\/div><div class=\"fusion-fullwidth fullwidth-box fusion-builder-row-2 fusion-flex-container has-pattern-background has-mask-background nonhundred-percent-fullwidth non-hundred-percent-height-scrolling\" style=\"--awb-border-radius-top-left:0px;--awb-border-radius-top-right:0px;--awb-border-radius-bottom-right:0px;--awb-border-radius-bottom-left:0px;--awb-margin-top:30px;--awb-flex-wrap:wrap;\" ><div class=\"fusion-builder-row fusion-row fusion-flex-align-items-flex-start fusion-flex-content-wrap\" style=\"max-width:1248px;margin-left: calc(-4% \/ 2 );margin-right: calc(-4% \/ 2 );\"><div class=\"fusion-layout-column fusion_builder_column fusion-builder-column-1 fusion_builder_column_1_2 1_2 fusion-flex-column\" style=\"--awb-bg-size:cover;--awb-width-large:50%;--awb-margin-top-large:0px;--awb-spacing-right-large:3.84%;--awb-margin-bottom-large:20px;--awb-spacing-left-large:3.84%;--awb-width-medium:50%;--awb-order-medium:0;--awb-spacing-right-medium:3.84%;--awb-spacing-left-medium:3.84%;--awb-width-small:100%;--awb-order-small:0;--awb-spacing-right-small:1.92%;--awb-spacing-left-small:1.92%;\"><div class=\"fusion-column-wrapper fusion-column-has-shadow fusion-flex-justify-content-flex-start fusion-content-layout-column\"><\/div><\/div><div class=\"fusion-layout-column fusion_builder_column fusion-builder-column-2 fusion_builder_column_1_2 1_2 fusion-flex-column\" style=\"--awb-bg-size:cover;--awb-width-large:50%;--awb-margin-top-large:0px;--awb-spacing-right-large:3.84%;--awb-margin-bottom-large:20px;--awb-spacing-left-large:3.84%;--awb-width-medium:50%;--awb-order-medium:0;--awb-spacing-right-medium:3.84%;--awb-spacing-left-medium:3.84%;--awb-width-small:100%;--awb-order-small:0;--awb-spacing-right-small:1.92%;--awb-spacing-left-small:1.92%;\"><div class=\"fusion-column-wrapper fusion-column-has-shadow fusion-flex-justify-content-flex-start fusion-content-layout-column\"><div class=\"fusion-text fusion-text-1\"><h1>Villas de Lujo \u00c1valos<\/h1>\n<\/div><\/div><\/div><div class=\"fusion-layout-column fusion_builder_column fusion-builder-column-3 fusion_builder_column_1_2 1_2 fusion-flex-column\" style=\"--awb-bg-size:cover;--awb-width-large:50%;--awb-margin-top-large:0px;--awb-spacing-right-large:3.84%;--awb-margin-bottom-large:20px;--awb-spacing-left-large:3.84%;--awb-width-medium:50%;--awb-order-medium:0;--awb-spacing-right-medium:3.84%;--awb-spacing-left-medium:3.84%;--awb-width-small:100%;--awb-order-small:0;--awb-spacing-right-small:1.92%;--awb-spacing-left-small:1.92%;\"><div class=\"fusion-column-wrapper fusion-column-has-shadow fusion-flex-justify-content-flex-start fusion-content-layout-column\"><div class=\"fusion-image-element \" style=\"--awb-margin-bottom:60px;--awb-max-width:100%;--awb-caption-title-font-family:var(--h2_typography-font-family);--awb-caption-title-font-weight:var(--h2_typography-font-weight);--awb-caption-title-font-style:var(--h2_typography-font-style);--awb-caption-title-size:var(--h2_typography-font-size);--awb-caption-title-transform:var(--h2_typography-text-transform);--awb-caption-title-line-height:var(--h2_typography-line-height);--awb-caption-title-letter-spacing:var(--h2_typography-letter-spacing);\"><span class=\" fusion-imageframe imageframe-none imageframe-2 hover-type-none\"><a href=\"https:\/\/avalosresort.com\/wp-content\/uploads\/2023\/11\/03_size-real.webp\" class=\"fusion-lightbox\" data-rel=\"iLightbox[7b8b95d92e8a100ccc1]\" data-title=\"03_size real\" title=\"03_size real\"><img decoding=\"async\" width=\"1108\" height=\"621\" src=\"https:\/\/avalosresort.com\/wp-content\/uploads\/2023\/11\/03_size-real.webp\" alt class=\"img-responsive wp-image-401\" srcset=\"https:\/\/avalosresort.com\/wp-content\/uploads\/2023\/11\/03_size-real-200x112.webp 200w, https:\/\/avalosresort.com\/wp-content\/uploads\/2023\/11\/03_size-real-400x224.webp 400w, https:\/\/avalosresort.com\/wp-content\/uploads\/2023\/11\/03_size-real-600x336.webp 600w, https:\/\/avalosresort.com\/wp-content\/uploads\/2023\/11\/03_size-real-800x448.webp 800w, https:\/\/avalosresort.com\/wp-content\/uploads\/2023\/11\/03_size-real.webp 1108w\" sizes=\"(max-width: 640px) 100vw, 600px\" \/><\/a><\/span><\/div><div class=\"fusion-image-element \" style=\"--awb-margin-bottom:60px;--awb-max-width:100%;--awb-caption-title-font-family:var(--h2_typography-font-family);--awb-caption-title-font-weight:var(--h2_typography-font-weight);--awb-caption-title-font-style:var(--h2_typography-font-style);--awb-caption-title-size:var(--h2_typography-font-size);--awb-caption-title-transform:var(--h2_typography-text-transform);--awb-caption-title-line-height:var(--h2_typography-line-height);--awb-caption-title-letter-spacing:var(--h2_typography-letter-spacing);\"><span class=\" fusion-imageframe imageframe-none imageframe-3 hover-type-none\"><a href=\"https:\/\/avalosresort.com\/wp-content\/uploads\/2023\/11\/04_960x540.webp\" class=\"fusion-lightbox\" data-rel=\"iLightbox[1bb16ed3e118a23f55d]\" data-title=\"04_960x540\" title=\"04_960x540\"><img decoding=\"async\" width=\"960\" height=\"540\" src=\"https:\/\/avalosresort.com\/wp-content\/uploads\/2023\/11\/04_960x540.webp\" alt class=\"img-responsive wp-image-403\" srcset=\"https:\/\/avalosresort.com\/wp-content\/uploads\/2023\/11\/04_960x540-200x113.webp 200w, https:\/\/avalosresort.com\/wp-content\/uploads\/2023\/11\/04_960x540-400x225.webp 400w, https:\/\/avalosresort.com\/wp-content\/uploads\/2023\/11\/04_960x540-600x338.webp 600w, https:\/\/avalosresort.com\/wp-content\/uploads\/2023\/11\/04_960x540-800x450.webp 800w, https:\/\/avalosresort.com\/wp-content\/uploads\/2023\/11\/04_960x540.webp 960w\" sizes=\"(max-width: 640px) 100vw, 600px\" \/><\/a><\/span><\/div><div class=\"fusion-image-element \" style=\"--awb-max-width:100%;--awb-caption-title-font-family:var(--h2_typography-font-family);--awb-caption-title-font-weight:var(--h2_typography-font-weight);--awb-caption-title-font-style:var(--h2_typography-font-style);--awb-caption-title-size:var(--h2_typography-font-size);--awb-caption-title-transform:var(--h2_typography-text-transform);--awb-caption-title-line-height:var(--h2_typography-line-height);--awb-caption-title-letter-spacing:var(--h2_typography-letter-spacing);\"><span class=\" fusion-imageframe imageframe-none imageframe-4 hover-type-none\"><a href=\"https:\/\/avalosresort.com\/wp-content\/uploads\/2023\/11\/PG-28.webp\" class=\"fusion-lightbox\" data-rel=\"iLightbox[d710b244e3ebc5a8797]\" data-title=\"PG-28\" title=\"PG-28\"><img decoding=\"async\" width=\"960\" height=\"540\" src=\"https:\/\/avalosresort.com\/wp-content\/uploads\/2023\/11\/PG-28.webp\" alt class=\"img-responsive wp-image-399\" srcset=\"https:\/\/avalosresort.com\/wp-content\/uploads\/2023\/11\/PG-28-200x113.webp 200w, https:\/\/avalosresort.com\/wp-content\/uploads\/2023\/11\/PG-28-400x225.webp 400w, https:\/\/avalosresort.com\/wp-content\/uploads\/2023\/11\/PG-28-600x338.webp 600w, https:\/\/avalosresort.com\/wp-content\/uploads\/2023\/11\/PG-28-800x450.webp 800w, https:\/\/avalosresort.com\/wp-content\/uploads\/2023\/11\/PG-28.webp 960w\" sizes=\"(max-width: 640px) 100vw, 600px\" \/><\/a><\/span><\/div><\/div><\/div><div class=\"fusion-layout-column fusion_builder_column fusion-builder-column-4 fusion_builder_column_1_2 1_2 fusion-flex-column\" style=\"--awb-bg-size:cover;--awb-width-large:50%;--awb-margin-top-large:0px;--awb-spacing-right-large:3.84%;--awb-margin-bottom-large:20px;--awb-spacing-left-large:3.84%;--awb-width-medium:50%;--awb-order-medium:0;--awb-spacing-right-medium:3.84%;--awb-spacing-left-medium:3.84%;--awb-width-small:100%;--awb-order-small:0;--awb-spacing-right-small:1.92%;--awb-spacing-left-small:1.92%;\"><div class=\"fusion-column-wrapper fusion-column-has-shadow fusion-flex-justify-content-flex-start fusion-content-layout-column\"><div class=\"fusion-text fusion-text-2 justifyText\"><p><span class=\"spanSubtitle\">Donde la Elegancia se Encuentra con la Sostenibilidad<\/span><\/p>\n<p>En el coraz\u00f3n de La Gomera, dentro del prestigioso \u00c1VALOS Sustainable Wellness Resort, se est\u00e1 desarrollando un nuevo cap\u00edtulo en la vida de lujo con las Villas de Lujo \u00c1VALOS. Estas villas, una combinaci\u00f3n armoniosa de dise\u00f1o ultramoderno y arquitectura sostenible, ofrecen una experiencia de vida inigualable, abrazando la serena belleza de las Islas Canarias y la profunda tranquilidad del Atl\u00e1ntico.<\/p>\n<p><span class=\"spanSubtitle\">Vida Elevada en un Entorno Pr\u00edstino<\/span><\/p>\n<p>Cada villa, que va desde un acogedor apartamento de una habitaci\u00f3n de 55 m\u00b2 hasta una espaciosa villa de tres habitaciones de 150 m\u00b2, es un ep\u00edtome de elegancia y sofisticaci\u00f3n. Situadas en amplios terrenos de un m\u00ednimo de 195 m\u00b2, estas viviendas est\u00e1n dise\u00f1adas para aquellos que buscan un estilo de vida elevado por el lujo, la privacidad y la armon\u00eda con la naturaleza. Las impresionantes vistas al mar ofrecen un panorama diario de los matices siempre cambiantes del Atl\u00e1ntico, un tel\u00f3n de fondo que enriquece cada momento pasado en estas exquisitas viviendas.<\/p>\n<p><span class=\"spanSubtitle\">Una Obra Maestra de Lujo Sostenible<\/span><\/p>\n<p>Las Villas de Lujo \u00c1VALOS no son solo casas; son una declaraci\u00f3n de lujo sostenible. La arquitectura se integra perfectamente con los paisajes circundantes, respetando la belleza natural de La Gomera mientras ofrece una experiencia de vida ultramoderna. El uso de materiales ecol\u00f3gicos y dise\u00f1os energ\u00e9ticamente eficientes asegura que cada villa no sea solo un hogar, sino un testimonio de las posibilidades de la arquitectura impulsada por el medio ambiente.<\/p>\n<p><span class=\"spanSubtitle\">Caracter\u00edsticas Exclusivas para un Estilo de Vida Exquisito<\/span><\/p>\n<p>Las piscinas privadas en cada villa ofrecen un oasis personal de relajaci\u00f3n, mientras que los amplios espacios invitan a la esplendorosa naturaleza de la isla a entrar. La seguridad y la tranquilidad son incomparables, con seguridad premium 24\/7 y un sistema de c\u00e1maras de seguridad CCTV que garantiza un refugio seguro para los residentes.<\/p>\n<\/div><\/div><\/div><\/div><\/div><\/p>\n","protected":false},"excerpt":{"rendered":"","protected":false},"author":1,"featured_media":0,"parent":0,"menu_order":0,"comment_status":"closed","ping_status":"closed","template":"100-width.php","meta":{"footnotes":""},"class_list":["post-526","page","type-page","status-publish","hentry"],"_links":{"self":[{"href":"https:\/\/avalosresort.com\/es\/wp-json\/wp\/v2\/pages\/526","targetHints":{"allow":["GET"]}}],"collection":[{"href":"https:\/\/avalosresort.com\/es\/wp-json\/wp\/v2\/pages"}],"about":[{"href":"https:\/\/avalosresort.com\/es\/wp-json\/wp\/v2\/types\/page"}],"author":[{"embeddable":true,"href":"https:\/\/avalosresort.com\/es\/wp-json\/wp\/v2\/users\/1"}],"replies":[{"embeddable":true,"href":"https:\/\/avalosresort.com\/es\/wp-json\/wp\/v2\/comments?post=526"}],"version-history":[{"count":3,"href":"https:\/\/avalosresort.com\/es\/wp-json\/wp\/v2\/pages\/526\/revisions"}],"predecessor-version":[{"id":529,"href":"https:\/\/avalosresort.com\/es\/wp-json\/wp\/v2\/pages\/526\/revisions\/529"}],"wp:attachment":[{"href":"https:\/\/avalosresort.com\/es\/wp-json\/wp\/v2\/media?parent=526"}],"curies":[{"name":"wp","href":"https:\/\/api.w.org\/{rel}","templated":true}]}}