{"id":522,"date":"2023-11-14T14:24:16","date_gmt":"2023-11-14T13:24:16","guid":{"rendered":"https:\/\/avalosresort.com\/equipo-avalos\/"},"modified":"2024-12-10T19:43:26","modified_gmt":"2024-12-10T18:43:26","slug":"equipo-avalos","status":"publish","type":"page","link":"https:\/\/avalosresort.com\/es\/equipo-avalos\/","title":{"rendered":"Equipo \u00c1valos"},"content":{"rendered":"<p><div class=\"fusion-fullwidth fullwidth-box fusion-builder-row-1 fusion-flex-container has-pattern-background has-mask-background hundred-percent-fullwidth non-hundred-percent-height-scrolling\" style=\"--awb-border-radius-top-left:0px;--awb-border-radius-top-right:0px;--awb-border-radius-bottom-right:0px;--awb-border-radius-bottom-left:0px;--awb-padding-top:0px;--awb-padding-right:0px;--awb-padding-left:0px;--awb-margin-top:0px;--awb-flex-wrap:wrap;\" ><div class=\"fusion-builder-row fusion-row fusion-flex-align-items-flex-start fusion-flex-content-wrap\" style=\"width:104% !important;max-width:104% !important;margin-left: calc(-4% \/ 2 );margin-right: calc(-4% \/ 2 );\"><div class=\"fusion-layout-column fusion_builder_column fusion-builder-column-0 fusion_builder_column_1_1 1_1 fusion-flex-column\" style=\"--awb-bg-size:cover;--awb-width-large:100%;--awb-margin-top-large:0px;--awb-spacing-right-large:1.92%;--awb-margin-bottom-large:20px;--awb-spacing-left-large:1.92%;--awb-width-medium:100%;--awb-order-medium:0;--awb-spacing-right-medium:1.92%;--awb-spacing-left-medium:1.92%;--awb-width-small:100%;--awb-order-small:0;--awb-spacing-right-small:1.92%;--awb-spacing-left-small:1.92%;\"><div class=\"fusion-column-wrapper fusion-column-has-shadow fusion-flex-justify-content-flex-start fusion-content-layout-column\"><div class=\"fusion-image-element \" style=\"text-align:center;--awb-max-width:1920px;--awb-caption-title-font-family:var(--h2_typography-font-family);--awb-caption-title-font-weight:var(--h2_typography-font-weight);--awb-caption-title-font-style:var(--h2_typography-font-style);--awb-caption-title-size:var(--h2_typography-font-size);--awb-caption-title-transform:var(--h2_typography-text-transform);--awb-caption-title-line-height:var(--h2_typography-line-height);--awb-caption-title-letter-spacing:var(--h2_typography-letter-spacing);\"><span class=\" fusion-imageframe imageframe-none imageframe-1 hover-type-none mainPageImage\"><img decoding=\"async\" width=\"1920\" height=\"1080\" title=\"avalos_team\" src=\"https:\/\/avalosresort.com\/wp-content\/uploads\/2023\/11\/avalos_team.webp\" alt class=\"img-responsive wp-image-438\" srcset=\"https:\/\/avalosresort.com\/wp-content\/uploads\/2023\/11\/avalos_team-200x113.webp 200w, https:\/\/avalosresort.com\/wp-content\/uploads\/2023\/11\/avalos_team-400x225.webp 400w, https:\/\/avalosresort.com\/wp-content\/uploads\/2023\/11\/avalos_team-600x338.webp 600w, https:\/\/avalosresort.com\/wp-content\/uploads\/2023\/11\/avalos_team-800x450.webp 800w, https:\/\/avalosresort.com\/wp-content\/uploads\/2023\/11\/avalos_team-1200x675.webp 1200w, https:\/\/avalosresort.com\/wp-content\/uploads\/2023\/11\/avalos_team.webp 1920w\" sizes=\"(max-width: 640px) 100vw, 1200px\" \/><\/span><\/div><\/div><\/div><\/div><\/div><div class=\"fusion-fullwidth fullwidth-box fusion-builder-row-2 fusion-flex-container has-pattern-background has-mask-background nonhundred-percent-fullwidth non-hundred-percent-height-scrolling\" style=\"--awb-border-radius-top-left:0px;--awb-border-radius-top-right:0px;--awb-border-radius-bottom-right:0px;--awb-border-radius-bottom-left:0px;--awb-margin-top:30px;--awb-flex-wrap:wrap;\" ><div class=\"fusion-builder-row fusion-row fusion-flex-align-items-flex-start fusion-flex-content-wrap\" style=\"max-width:1248px;margin-left: calc(-4% \/ 2 );margin-right: calc(-4% \/ 2 );\"><div class=\"fusion-layout-column fusion_builder_column fusion-builder-column-1 fusion_builder_column_1_1 1_1 fusion-flex-column\" style=\"--awb-bg-size:cover;--awb-width-large:100%;--awb-margin-top-large:0px;--awb-spacing-right-large:1.92%;--awb-margin-bottom-large:20px;--awb-spacing-left-large:1.92%;--awb-width-medium:100%;--awb-order-medium:0;--awb-spacing-right-medium:1.92%;--awb-spacing-left-medium:1.92%;--awb-width-small:100%;--awb-order-small:0;--awb-spacing-right-small:1.92%;--awb-spacing-left-small:1.92%;\"><div class=\"fusion-column-wrapper fusion-column-has-shadow fusion-flex-justify-content-flex-start fusion-content-layout-column\"><div class=\"fusion-text fusion-text-1\" style=\"--awb-margin-top:0px;\"><h1 style=\"margin-top: 0px;\">Equipo \u00c1valos<\/h1>\n<\/div><\/div><\/div><div class=\"fusion-layout-column fusion_builder_column fusion-builder-column-2 fusion_builder_column_1_1 1_1 fusion-flex-column\" style=\"--awb-bg-size:cover;--awb-width-large:100%;--awb-margin-top-large:0px;--awb-spacing-right-large:1.92%;--awb-margin-bottom-large:20px;--awb-spacing-left-large:1.92%;--awb-width-medium:100%;--awb-order-medium:0;--awb-spacing-right-medium:1.92%;--awb-spacing-left-medium:1.92%;--awb-width-small:100%;--awb-order-small:0;--awb-spacing-right-small:1.92%;--awb-spacing-left-small:1.92%;\"><div class=\"fusion-column-wrapper fusion-column-has-shadow fusion-flex-justify-content-flex-start fusion-content-layout-column\"><div class=\"fusion-text fusion-text-2 justifyText\"><p><span class=\"spanSubtitle avalosTeamNames\">CARLOS LAZCANO DE LA CONCHA<\/span><br \/>\n<span style=\"background-color: var(--awb-bg-color-hover); color: var(--awb-text-color); font-family: var(--awb-text-font-family); font-size: var(--awb-font-size); font-style: var(--awb-text-font-style); letter-spacing: var(--awb-letter-spacing); text-transform: var(--awb-text-transform);\"><b>Director de Servicios Legales<br \/>\n<\/b><\/span><span style=\"background-color: var(--awb-bg-color-hover); color: var(--awb-text-color); font-family: var(--awb-text-font-family); font-size: var(--awb-font-size); font-style: var(--awb-text-font-style); font-weight: var(--awb-text-font-weight); letter-spacing: var(--awb-letter-spacing); text-transform: var(--awb-text-transform);\">Licenciado en Derecho por la Universidad de La Laguna (Espa\u00f1a), Carlos es el asesor jur\u00eddico del grupo y director de servicios legales desde 2003, garantizando el cumplimiento normativo y proporcionando asesoramiento legal experto a todas las empresas.<\/span><\/p>\n<p><span class=\"spanSubtitle avalosTeamNames\">RODOLFO ZAMORANO CONCEPCI\u00d3N<br \/>\n<\/span><span style=\"color: var(--awb-text-color); font-family: var(--awb-text-font-family); font-size: var(--awb-font-size); font-style: var(--awb-text-font-style); letter-spacing: var(--awb-letter-spacing); text-transform: var(--awb-text-transform); background-color: var(--awb-bg-color-hover);\"><b>Director de Enlace Administrativo<br \/>\n<\/b><\/span><span style=\"background-color: var(--awb-bg-color-hover); color: var(--awb-text-color); font-family: var(--awb-text-font-family); font-size: var(--awb-font-size); font-style: var(--awb-text-font-style); font-weight: var(--awb-text-font-weight); letter-spacing: var(--awb-letter-spacing); text-transform: var(--awb-text-transform);\">Gestiona todos los procesos esenciales con entidades gubernamentales, ayuntamientos, autoridades costeras y consejos del sector para empresas como Sand &amp; Sea Resorts S.L., Kildesa S.L., y UPF S.A., as\u00ed como para varias comunidades residenciales y comerciales. Su experiencia incluye la obtenci\u00f3n de permisos, licencias y aprobaciones regulatorias cr\u00edticas para las operaciones.<\/span><\/p>\n<p><span class=\"spanSubtitle avalosTeamNames\">MIL\u00c1N JOVANOVIC<br \/>\n<\/span><span style=\"color: var(--awb-text-color); font-family: var(--awb-text-font-family); font-size: var(--awb-font-size); font-style: var(--awb-text-font-style); letter-spacing: var(--awb-letter-spacing); text-transform: var(--awb-text-transform); background-color: var(--awb-bg-color-hover);\"><b>Director de Ventas Internacionales<br \/>\n<\/b><\/span><span style=\"background-color: var(--awb-bg-color-hover); color: var(--awb-text-color); font-family: var(--awb-text-font-family); font-size: var(--awb-font-size); font-style: var(--awb-text-font-style); font-weight: var(--awb-text-font-weight); letter-spacing: var(--awb-letter-spacing); text-transform: var(--awb-text-transform);\">Lidera las operaciones de ventas en los mercados ruso, escandinavo y brit\u00e1nico en Lagos de Fa\u00f1abe II Club. Adem\u00e1s, es fundador y director de Tropicana, una destacada empresa en Rusia.<\/span><\/p>\n<p><span class=\"spanSubtitle avalosTeamNames\">RUTH ADRI\u00c1N CABRERA<br \/>\n<\/span><span style=\"color: var(--awb-text-color); font-family: var(--awb-text-font-family); font-size: var(--awb-font-size); font-style: var(--awb-text-font-style); letter-spacing: var(--awb-letter-spacing); text-transform: var(--awb-text-transform); background-color: var(--awb-bg-color-hover);\"><b>Gerente Administrativa del Club Vacacional<br \/>\n<\/b><\/span><span style=\"color: var(--awb-text-color); font-family: var(--awb-text-font-family); font-size: var(--awb-font-size); font-style: var(--awb-text-font-style); font-weight: var(--awb-text-font-weight); letter-spacing: var(--awb-letter-spacing); text-transform: var(--awb-text-transform); background-color: var(--awb-bg-color-hover);\">Dirige la gesti\u00f3n y coordinaci\u00f3n del equipo comercial del Club Vacacional. Ruth cuenta con una formaci\u00f3n superior en contabilidad, garantizando precisi\u00f3n y eficacia en las operaciones.<\/span><\/p>\n<p><span class=\"spanSubtitle avalosTeamNames\">ALEXIS P\u00c9REZ RODR\u00cdGUEZ<br \/>\n<\/span><span style=\"color: var(--awb-text-color); font-family: var(--awb-text-font-family); font-size: var(--awb-font-size); font-style: var(--awb-text-font-style); letter-spacing: var(--awb-letter-spacing); text-transform: var(--awb-text-transform); background-color: var(--awb-bg-color-hover);\"><b>Director de Recursos Humanos<br \/>\n<\/b><\/span><span style=\"color: var(--awb-text-color); font-family: var(--awb-text-font-family); font-size: var(--awb-font-size); font-style: var(--awb-text-font-style); font-weight: var(--awb-text-font-weight); letter-spacing: var(--awb-letter-spacing); text-transform: var(--awb-text-transform); background-color: var(--awb-bg-color-hover);\">Alexis ha gestionado los recursos humanos del grupo desde 2019. Es licenciado en Ingenier\u00eda de Sistemas por la Universidad Metropolitana, combinando experiencia t\u00e9cnica con s\u00f3lidas habilidades de liderazgo.<\/span><\/p>\n<p><span class=\"spanSubtitle avalosTeamNames\">M\u00d3NICA D\u00cdAZ GONZ\u00c1LEZ<br \/>\n<\/span><span style=\"color: var(--awb-text-color); font-family: var(--awb-text-font-family); font-size: var(--awb-font-size); font-style: var(--awb-text-font-style); letter-spacing: var(--awb-letter-spacing); text-transform: var(--awb-text-transform); background-color: var(--awb-bg-color-hover);\"><b>Subdirectora Comercial<br \/>\n<\/b><\/span><span style=\"color: var(--awb-text-color); font-family: var(--awb-text-font-family); font-size: var(--awb-font-size); font-style: var(--awb-text-font-style); font-weight: var(--awb-text-font-weight); letter-spacing: var(--awb-letter-spacing); text-transform: var(--awb-text-transform); background-color: var(--awb-bg-color-hover);\">Experta en negocios y actividades tur\u00edsticas, M\u00f3nica apoya la estrategia comercial de Sand &amp; Sea Resorts, S.L., y Promuceba, S.L. Adem\u00e1s, cuenta con un M\u00e1ster en Marketing, Comercializaci\u00f3n y Revenue Management en Turismo.<\/span><\/p>\n<p><span class=\"spanSubtitle avalosTeamNames\">\u00c1NGEL MIGUEL PEREIRA PORRUA<br \/>\n<\/span><span style=\"color: var(--awb-text-color); font-family: var(--awb-text-font-family); font-size: var(--awb-font-size); font-style: var(--awb-text-font-style); letter-spacing: var(--awb-letter-spacing); text-transform: var(--awb-text-transform); background-color: var(--awb-bg-color-hover);\"><b>Director de Operaciones<br \/>\n<\/b><\/span><span style=\"color: var(--awb-text-color); font-family: var(--awb-text-font-family); font-size: var(--awb-font-size); font-style: var(--awb-text-font-style); font-weight: var(--awb-text-font-weight); letter-spacing: var(--awb-letter-spacing); text-transform: var(--awb-text-transform); background-color: var(--awb-bg-color-hover);\">Lidera las operaciones de Sand &amp; Sea Resorts, S.L. Posee un t\u00edtulo en Gesti\u00f3n de Operaciones Hoteleras de la American Hotel &amp; Lodging Association y credenciales de posgrado del Hotel Institute Montreux en Suiza.<\/span><\/p>\n<p><span class=\"spanSubtitle avalosTeamNames\">CONSTANTINO CANOVES PUIG<br \/>\n<\/span><span style=\"color: var(--awb-text-color); font-family: var(--awb-text-font-family); font-size: var(--awb-font-size); font-style: var(--awb-text-font-style); letter-spacing: var(--awb-letter-spacing); text-transform: var(--awb-text-transform); background-color: var(--awb-bg-color);\"><b>Subdirector Comercial<br \/>\n<\/b><\/span><span style=\"color: var(--awb-text-color); font-family: var(--awb-text-font-family); font-size: var(--awb-font-size); font-style: var(--awb-text-font-style); font-weight: var(--awb-text-font-weight); letter-spacing: var(--awb-letter-spacing); text-transform: var(--awb-text-transform); background-color: var(--awb-bg-color);\">Apoya las actividades comerciales de Los Olivos Beach Resort (Kildesa S.L.). Su experiencia incluye gesti\u00f3n y telemarketing, adquirida en el Centro de Estudios de Nuevas Profesiones de Madrid.<\/span><\/p>\n<p><span class=\"spanSubtitle avalosTeamNames\">GUILLERMO GONZ\u00c1LEZ MORALES<br \/>\n<\/span><span style=\"color: var(--awb-text-color); font-family: var(--awb-text-font-family); font-size: var(--awb-font-size); font-style: var(--awb-text-font-style); letter-spacing: var(--awb-letter-spacing); text-transform: var(--awb-text-transform); background-color: var(--awb-bg-color-hover);\"><b>Gerente de Jardines<br \/>\n<\/b><\/span><span style=\"color: var(--awb-text-color); font-family: var(--awb-text-font-family); font-size: var(--awb-font-size); font-style: var(--awb-text-font-style); font-weight: var(--awb-text-font-weight); letter-spacing: var(--awb-letter-spacing); text-transform: var(--awb-text-transform); background-color: var(--awb-bg-color-hover);\">Supervisa las operaciones del Jard\u00edn de Playa Fa\u00f1ab\u00e9. Con experiencia como maestro florista y gerente en Garden Playa Fa\u00f1ab\u00e9, Guillermo garantiza la excelencia en la gesti\u00f3n del paisaje.<\/span><\/p>\n<\/div><\/div><\/div><\/div><\/div><\/p>\n","protected":false},"excerpt":{"rendered":"","protected":false},"author":1,"featured_media":0,"parent":0,"menu_order":0,"comment_status":"closed","ping_status":"closed","template":"100-width.php","meta":{"footnotes":""},"class_list":["post-522","page","type-page","status-publish","hentry"],"_links":{"self":[{"href":"https:\/\/avalosresort.com\/es\/wp-json\/wp\/v2\/pages\/522","targetHints":{"allow":["GET"]}}],"collection":[{"href":"https:\/\/avalosresort.com\/es\/wp-json\/wp\/v2\/pages"}],"about":[{"href":"https:\/\/avalosresort.com\/es\/wp-json\/wp\/v2\/types\/page"}],"author":[{"embeddable":true,"href":"https:\/\/avalosresort.com\/es\/wp-json\/wp\/v2\/users\/1"}],"replies":[{"embeddable":true,"href":"https:\/\/avalosresort.com\/es\/wp-json\/wp\/v2\/comments?post=522"}],"version-history":[{"count":9,"href":"https:\/\/avalosresort.com\/es\/wp-json\/wp\/v2\/pages\/522\/revisions"}],"predecessor-version":[{"id":644,"href":"https:\/\/avalosresort.com\/es\/wp-json\/wp\/v2\/pages\/522\/revisions\/644"}],"wp:attachment":[{"href":"https:\/\/avalosresort.com\/es\/wp-json\/wp\/v2\/media?parent=522"}],"curies":[{"name":"wp","href":"https:\/\/api.w.org\/{rel}","templated":true}]}}