{"id":508,"date":"2023-11-02T13:24:52","date_gmt":"2023-11-02T12:24:52","guid":{"rendered":"https:\/\/avalosresort.com\/inicio\/"},"modified":"2024-10-16T11:25:21","modified_gmt":"2024-10-16T09:25:21","slug":"inicio","status":"publish","type":"page","link":"https:\/\/avalosresort.com\/es\/","title":{"rendered":"Inicio"},"content":{"rendered":"<p><div class=\"fusion-fullwidth fullwidth-box fusion-builder-row-1 fusion-flex-container has-pattern-background has-mask-background hundred-percent-fullwidth non-hundred-percent-height-scrolling\" style=\"--awb-border-radius-top-left:0px;--awb-border-radius-top-right:0px;--awb-border-radius-bottom-right:0px;--awb-border-radius-bottom-left:0px;--awb-padding-top:0px;--awb-padding-right:0px;--awb-padding-left:0px;--awb-margin-top:-60px;--awb-flex-wrap:wrap;\" ><div class=\"fusion-builder-row fusion-row fusion-flex-align-items-flex-start fusion-flex-content-wrap\" style=\"width:104% !important;max-width:104% !important;margin-left: calc(-4% \/ 2 );margin-right: calc(-4% \/ 2 );\"><div class=\"fusion-layout-column fusion_builder_column fusion-builder-column-0 fusion_builder_column_1_1 1_1 fusion-flex-column\" style=\"--awb-bg-size:cover;--awb-width-large:100%;--awb-margin-top-large:0px;--awb-spacing-right-large:1.92%;--awb-margin-bottom-large:20px;--awb-spacing-left-large:1.92%;--awb-width-medium:100%;--awb-order-medium:0;--awb-spacing-right-medium:1.92%;--awb-spacing-left-medium:1.92%;--awb-width-small:100%;--awb-order-small:0;--awb-spacing-right-small:1.92%;--awb-spacing-left-small:1.92%;\"><div class=\"fusion-column-wrapper fusion-column-has-shadow fusion-flex-justify-content-flex-start fusion-content-layout-column\"><div class=\"fusion-image-element \" style=\"text-align:center;--awb-max-width:1920px;--awb-caption-title-font-family:var(--h2_typography-font-family);--awb-caption-title-font-weight:var(--h2_typography-font-weight);--awb-caption-title-font-style:var(--h2_typography-font-style);--awb-caption-title-size:var(--h2_typography-font-size);--awb-caption-title-transform:var(--h2_typography-text-transform);--awb-caption-title-line-height:var(--h2_typography-line-height);--awb-caption-title-letter-spacing:var(--h2_typography-letter-spacing);\"><span class=\" fusion-imageframe imageframe-none imageframe-1 hover-type-none mainPageImage\"><img decoding=\"async\" width=\"1551\" height=\"873\" title=\"1021905_1920X1080_E\" src=\"https:\/\/avalosresort.com\/wp-content\/uploads\/2023\/11\/1021905_1920X1080_E-1.webp\" alt class=\"img-responsive wp-image-422\" srcset=\"https:\/\/avalosresort.com\/wp-content\/uploads\/2023\/11\/1021905_1920X1080_E-1-200x113.webp 200w, https:\/\/avalosresort.com\/wp-content\/uploads\/2023\/11\/1021905_1920X1080_E-1-400x225.webp 400w, https:\/\/avalosresort.com\/wp-content\/uploads\/2023\/11\/1021905_1920X1080_E-1-600x338.webp 600w, https:\/\/avalosresort.com\/wp-content\/uploads\/2023\/11\/1021905_1920X1080_E-1-800x450.webp 800w, https:\/\/avalosresort.com\/wp-content\/uploads\/2023\/11\/1021905_1920X1080_E-1-1200x675.webp 1200w, https:\/\/avalosresort.com\/wp-content\/uploads\/2023\/11\/1021905_1920X1080_E-1.webp 1551w\" sizes=\"(max-width: 640px) 100vw, 1200px\" \/><\/span><\/div><div class=\"fusion-text fusion-text-1\"><div class=\"homeVideoCaption\">\n<div class=\"verticalWhiteLine\"><\/div>\n<p>Tu puerta al<br \/>\n<span class=\"\">Lujo Sostenible<\/span><br \/>\nen las Islas Canarias<\/p>\n<\/div>\n<\/div><\/div><\/div><\/div><\/div><div class=\"fusion-fullwidth fullwidth-box fusion-builder-row-2 fusion-flex-container has-pattern-background has-mask-background nonhundred-percent-fullwidth non-hundred-percent-height-scrolling\" style=\"--awb-border-radius-top-left:0px;--awb-border-radius-top-right:0px;--awb-border-radius-bottom-right:0px;--awb-border-radius-bottom-left:0px;--awb-flex-wrap:wrap;\" ><div class=\"fusion-builder-row fusion-row fusion-flex-align-items-flex-start fusion-flex-content-wrap\" style=\"max-width:1248px;margin-left: calc(-4% \/ 2 );margin-right: calc(-4% \/ 2 );\"><div class=\"fusion-layout-column fusion_builder_column fusion-builder-column-1 fusion_builder_column_1_2 1_2 fusion-flex-column\" style=\"--awb-bg-size:cover;--awb-width-large:50%;--awb-margin-top-large:0px;--awb-spacing-right-large:3.84%;--awb-margin-bottom-large:20px;--awb-spacing-left-large:3.84%;--awb-width-medium:50%;--awb-order-medium:0;--awb-spacing-right-medium:3.84%;--awb-spacing-left-medium:3.84%;--awb-width-small:100%;--awb-order-small:0;--awb-spacing-right-small:1.92%;--awb-spacing-left-small:1.92%;\"><div class=\"fusion-column-wrapper fusion-column-has-shadow fusion-flex-justify-content-flex-start fusion-content-layout-column\"><\/div><\/div><div class=\"fusion-layout-column fusion_builder_column fusion-builder-column-2 fusion_builder_column_1_2 1_2 fusion-flex-column\" style=\"--awb-bg-size:cover;--awb-width-large:50%;--awb-margin-top-large:0px;--awb-spacing-right-large:3.84%;--awb-margin-bottom-large:20px;--awb-spacing-left-large:3.84%;--awb-width-medium:50%;--awb-order-medium:0;--awb-spacing-right-medium:3.84%;--awb-spacing-left-medium:3.84%;--awb-width-small:100%;--awb-order-small:0;--awb-spacing-right-small:1.92%;--awb-spacing-left-small:1.92%;\"><div class=\"fusion-column-wrapper fusion-column-has-shadow fusion-flex-justify-content-flex-start fusion-content-layout-column\"><div class=\"fusion-text fusion-text-2\"><h1>Lujo sostenible<\/h1>\n<\/div><\/div><\/div><div class=\"fusion-layout-column fusion_builder_column fusion-builder-column-3 fusion_builder_column_1_2 1_2 fusion-flex-column\" style=\"--awb-bg-size:cover;--awb-width-large:50%;--awb-margin-top-large:0px;--awb-spacing-right-large:3.84%;--awb-margin-bottom-large:20px;--awb-spacing-left-large:3.84%;--awb-width-medium:50%;--awb-order-medium:0;--awb-spacing-right-medium:3.84%;--awb-spacing-left-medium:3.84%;--awb-width-small:100%;--awb-order-small:0;--awb-spacing-right-small:1.92%;--awb-spacing-left-small:1.92%;\"><div class=\"fusion-column-wrapper fusion-column-has-shadow fusion-flex-justify-content-flex-start fusion-content-layout-column\"><div class=\"fusion-image-element \" style=\"--awb-margin-bottom:60px;--awb-max-width:100%;--awb-caption-title-font-family:var(--h2_typography-font-family);--awb-caption-title-font-weight:var(--h2_typography-font-weight);--awb-caption-title-font-style:var(--h2_typography-font-style);--awb-caption-title-size:var(--h2_typography-font-size);--awb-caption-title-transform:var(--h2_typography-text-transform);--awb-caption-title-line-height:var(--h2_typography-line-height);--awb-caption-title-letter-spacing:var(--h2_typography-letter-spacing);\"><span class=\" fusion-imageframe imageframe-none imageframe-2 hover-type-none\"><img decoding=\"async\" width=\"1920\" height=\"1078\" alt=\"Vista general del proyecto \u00c1valos\" title=\"PastedGraphic-8\" src=\"https:\/\/avalosresort.com\/wp-content\/uploads\/2023\/11\/PastedGraphic-8.webp\" class=\"img-responsive wp-image-225\" srcset=\"https:\/\/avalosresort.com\/wp-content\/uploads\/2023\/11\/PastedGraphic-8-200x112.webp 200w, https:\/\/avalosresort.com\/wp-content\/uploads\/2023\/11\/PastedGraphic-8-400x225.webp 400w, https:\/\/avalosresort.com\/wp-content\/uploads\/2023\/11\/PastedGraphic-8-600x337.webp 600w, https:\/\/avalosresort.com\/wp-content\/uploads\/2023\/11\/PastedGraphic-8-800x449.webp 800w, https:\/\/avalosresort.com\/wp-content\/uploads\/2023\/11\/PastedGraphic-8-1200x674.webp 1200w, https:\/\/avalosresort.com\/wp-content\/uploads\/2023\/11\/PastedGraphic-8.webp 1920w\" sizes=\"(max-width: 640px) 100vw, 600px\" \/><\/span><\/div><div class=\"fusion-image-element \" style=\"--awb-max-width:100%;--awb-caption-title-font-family:var(--h2_typography-font-family);--awb-caption-title-font-weight:var(--h2_typography-font-weight);--awb-caption-title-font-style:var(--h2_typography-font-style);--awb-caption-title-size:var(--h2_typography-font-size);--awb-caption-title-transform:var(--h2_typography-text-transform);--awb-caption-title-line-height:var(--h2_typography-line-height);--awb-caption-title-letter-spacing:var(--h2_typography-letter-spacing);\"><span class=\" fusion-imageframe imageframe-none imageframe-3 hover-type-none\"><img decoding=\"async\" width=\"960\" height=\"540\" title=\"PG-30\" src=\"https:\/\/avalosresort.com\/wp-content\/uploads\/2023\/11\/PG-30.jpg\" alt class=\"img-responsive wp-image-141\" srcset=\"https:\/\/avalosresort.com\/wp-content\/uploads\/2023\/11\/PG-30-200x113.jpg 200w, https:\/\/avalosresort.com\/wp-content\/uploads\/2023\/11\/PG-30-400x225.jpg 400w, https:\/\/avalosresort.com\/wp-content\/uploads\/2023\/11\/PG-30-600x338.jpg 600w, https:\/\/avalosresort.com\/wp-content\/uploads\/2023\/11\/PG-30-800x450.jpg 800w, https:\/\/avalosresort.com\/wp-content\/uploads\/2023\/11\/PG-30.jpg 960w\" sizes=\"(max-width: 640px) 100vw, 600px\" \/><\/span><\/div><\/div><\/div><div class=\"fusion-layout-column fusion_builder_column fusion-builder-column-4 fusion_builder_column_1_2 1_2 fusion-flex-column\" style=\"--awb-bg-size:cover;--awb-width-large:50%;--awb-margin-top-large:0px;--awb-spacing-right-large:3.84%;--awb-margin-bottom-large:20px;--awb-spacing-left-large:3.84%;--awb-width-medium:50%;--awb-order-medium:0;--awb-spacing-right-medium:3.84%;--awb-spacing-left-medium:3.84%;--awb-width-small:100%;--awb-order-small:0;--awb-spacing-right-small:1.92%;--awb-spacing-left-small:1.92%;\"><div class=\"fusion-column-wrapper fusion-column-has-shadow fusion-flex-justify-content-flex-start fusion-content-layout-column\"><div class=\"fusion-text fusion-text-3 justifyText\"><p><span class=\"spanSubtitle\">Visualizando un Futuro Sostenible<\/span><\/p>\n<p>El \u00c1VALOS Sustainability Wellness Resort no es solo un desarrollo; es un reflejo de los sue\u00f1os sostenibles de La Gomera. Es un lugar donde la modernidad y la naturaleza coexisten, donde la energ\u00eda renovable impulsa aspiraciones, y donde cada individuo contribuye a preservar este para\u00edso insular. La Gomera es m\u00e1s que una isla; es un modelo para coexistir de manera pac\u00edfica y pr\u00f3spera con la naturaleza, una visi\u00f3n que cobra vida con cada amanecer en \u00c1VALOS.<\/p>\n<p><span class=\"spanSubtitle\">Adoptando un Futuro Sostenible con \u00c1VALOS<\/span><\/p>\n<p>En el coraz\u00f3n de las Islas Canarias, La Gomera se alza como un faro de sostenibilidad, con sus paisajes verdes y profundas ra\u00edces culturales que pintan un cuadro de armon\u00eda y esperanza. Esta impresionante isla, acunada por las aguas azules del Atl\u00e1ntico, es m\u00e1s que un destino; es un testimonio viviente de un futuro sostenible, una visi\u00f3n compartida con pasi\u00f3n por el \u00c1VALOS Sustainability Wellness Resort. El turismo en La Gomera es un abrazo respetuoso hacia la naturaleza.<br \/>\nAqu\u00ed, la sostenibilidad va m\u00e1s all\u00e1 del entorno; incluye la preservaci\u00f3n del alma de La Gomera. El singular lenguaje Silbo Gomero es una joya en la corona del patrimonio cultural de la isla, atesorado y preservado para las futuras generaciones.<br \/>\nEl Proyecto \u00c1VALOS encarna este principio, ofreciendo alojamientos sostenibles que se integran armoniosamente con el entorno natural. Pr\u00e1cticas como la conservaci\u00f3n de energ\u00eda y la reducci\u00f3n de residuos no son simples pol\u00edticas, sino un compromiso con el futuro de la isla.<\/p>\n<\/div><\/div><\/div><\/div><\/div><\/p>\n","protected":false},"excerpt":{"rendered":"","protected":false},"author":1,"featured_media":0,"parent":0,"menu_order":0,"comment_status":"closed","ping_status":"closed","template":"100-width.php","meta":{"footnotes":""},"class_list":["post-508","page","type-page","status-publish","hentry"],"_links":{"self":[{"href":"https:\/\/avalosresort.com\/es\/wp-json\/wp\/v2\/pages\/508","targetHints":{"allow":["GET"]}}],"collection":[{"href":"https:\/\/avalosresort.com\/es\/wp-json\/wp\/v2\/pages"}],"about":[{"href":"https:\/\/avalosresort.com\/es\/wp-json\/wp\/v2\/types\/page"}],"author":[{"embeddable":true,"href":"https:\/\/avalosresort.com\/es\/wp-json\/wp\/v2\/users\/1"}],"replies":[{"embeddable":true,"href":"https:\/\/avalosresort.com\/es\/wp-json\/wp\/v2\/comments?post=508"}],"version-history":[{"count":7,"href":"https:\/\/avalosresort.com\/es\/wp-json\/wp\/v2\/pages\/508\/revisions"}],"predecessor-version":[{"id":613,"href":"https:\/\/avalosresort.com\/es\/wp-json\/wp\/v2\/pages\/508\/revisions\/613"}],"wp:attachment":[{"href":"https:\/\/avalosresort.com\/es\/wp-json\/wp\/v2\/media?parent=508"}],"curies":[{"name":"wp","href":"https:\/\/api.w.org\/{rel}","templated":true}]}}